{"id":927,"date":"2025-03-18T12:16:12","date_gmt":"2025-03-18T12:16:12","guid":{"rendered":"https:\/\/atelierleilarazel.com\/?post_type=product&#038;p=927"},"modified":"2025-03-21T17:29:41","modified_gmt":"2025-03-21T17:29:41","slug":"brincos-disponivel-em-todos-os-modelos","status":"publish","type":"product","link":"https:\/\/atelierleilarazel.com\/en\/product\/brincos-disponivel-em-todos-os-modelos\/","title":{"rendered":"Earrings \u2013 available in all designs"},"content":{"rendered":"<h5 class=\"translation-block\"><strong>\u20ac160<\/strong> - 950 silver and tourmaline<br>\n<strong>\u20ac550<\/strong> - 18k gold, and tourmaline<\/h5>\n<p><span style=\"font-weight: 400;\">Earrings that shine and illuminate your path. The reflections created by the hand engraving technique highlight our search for balance\u2014between who we were and who we are yet to become, between what roots us and what moves us forward.<\/span><\/p>\n<p><span style=\"font-weight: 400;\">Available in Trace, \u00c9lan, \u00c9clat, and \u00c9cho designs. In these earrings, the central stones are always round.<\/span><\/p>\n<p><span style=\"font-weight: 400;\">Each piece is handmade, making every jewel unique. Slight variations may occur. Production time: approximately one month. <\/span><\/p>\n<p><span style=\"font-weight: 400;\"> [<a href=\"https:\/\/atelierleilarazel.com\/en\/politicas-e-garantia\/\" target=\"_blank\" rel=\"noopener\">Read more about this jewel\u2019s warranty.<\/a>]<\/span><\/p>","protected":false},"excerpt":{"rendered":"<p>Essa \u00e9 a primeira pe\u00e7a da nossa primeira cole\u00e7\u00e3o, desenvolvida com muito amor e aprendizado, pra voc\u00ea desfrutar!<\/p>","protected":false},"featured_media":930,"comment_status":"closed","ping_status":"closed","template":"","meta":{"_monsterinsights_skip_tracking":false,"_monsterinsights_sitenote_active":false,"_monsterinsights_sitenote_note":"","_monsterinsights_sitenote_category":0},"product_brand":[],"product_cat":[16],"product_tag":[],"class_list":{"0":"post-927","1":"product","2":"type-product","3":"status-publish","4":"has-post-thumbnail","6":"product_cat-sem-categoria","8":"first","9":"outofstock","10":"shipping-taxable","11":"product-type-simple"},"_links":{"self":[{"href":"https:\/\/atelierleilarazel.com\/en\/wp-json\/wp\/v2\/product\/927","targetHints":{"allow":["GET"]}}],"collection":[{"href":"https:\/\/atelierleilarazel.com\/en\/wp-json\/wp\/v2\/product"}],"about":[{"href":"https:\/\/atelierleilarazel.com\/en\/wp-json\/wp\/v2\/types\/product"}],"replies":[{"embeddable":true,"href":"https:\/\/atelierleilarazel.com\/en\/wp-json\/wp\/v2\/comments?post=927"}],"wp:featuredmedia":[{"embeddable":true,"href":"https:\/\/atelierleilarazel.com\/en\/wp-json\/wp\/v2\/media\/930"}],"wp:attachment":[{"href":"https:\/\/atelierleilarazel.com\/en\/wp-json\/wp\/v2\/media?parent=927"}],"wp:term":[{"taxonomy":"product_brand","embeddable":true,"href":"https:\/\/atelierleilarazel.com\/en\/wp-json\/wp\/v2\/product_brand?post=927"},{"taxonomy":"product_cat","embeddable":true,"href":"https:\/\/atelierleilarazel.com\/en\/wp-json\/wp\/v2\/product_cat?post=927"},{"taxonomy":"product_tag","embeddable":true,"href":"https:\/\/atelierleilarazel.com\/en\/wp-json\/wp\/v2\/product_tag?post=927"}],"curies":[{"name":"wp","href":"https:\/\/api.w.org\/{rel}","templated":true}]}}