{"id":906,"date":"2025-03-18T11:12:51","date_gmt":"2025-03-18T11:12:51","guid":{"rendered":"https:\/\/atelierleilarazel.com\/?post_type=product&#038;p=906"},"modified":"2025-03-21T17:32:57","modified_gmt":"2025-03-21T17:32:57","slug":"broche-disponivel-em-todos-os-modelos","status":"publish","type":"product","link":"https:\/\/atelierleilarazel.com\/en\/product\/broche-disponivel-em-todos-os-modelos\/","title":{"rendered":"Brooch \u2013 available in all designs"},"content":{"rendered":"<h5 class=\"translation-block\"><strong>\u20ac190<\/strong> - 950 silver and tourmaline<br>\n<strong>\u20ac210<\/strong> - 950 silver, 24k gold plating, and tourmaline<\/h5>\n<p>&nbsp;<\/p>\n<p><span style=\"font-weight: 400;\">Brooches are powerful jewels. They carry deep symbolism, further connecting to the concept of talismans. Crafted using the hand engraving technique, these brooches guide and reinforce the reasons that drive you forward.<\/span><\/p>\n<p><span style=\"font-weight: 400;\">Available in Trace, \u00c9lan, \u00c9clat, and \u00c9cho designs.<\/span><\/p>\n<p><span style=\"font-weight: 400;\">Each piece is handmade, making every jewel unique. Slight variations may occur. Production time: approximately one month.<\/span><\/p>\n<p><span style=\"font-weight: 400;\"> [<a href=\"https:\/\/atelierleilarazel.com\/en\/politicas-e-garantia\/\" target=\"_blank\" rel=\"noopener\">Read more about this jewel\u2019s warranty.<\/a>]<\/span><\/p>","protected":false},"excerpt":{"rendered":"<p>Essa \u00e9 a primeira pe\u00e7a da nossa primeira cole\u00e7\u00e3o, desenvolvida com muito amor e aprendizado, pra voc\u00ea desfrutar!<\/p>","protected":false},"featured_media":925,"comment_status":"closed","ping_status":"closed","template":"","meta":{"_monsterinsights_skip_tracking":false,"_monsterinsights_sitenote_active":false,"_monsterinsights_sitenote_note":"","_monsterinsights_sitenote_category":0},"product_brand":[],"product_cat":[16],"product_tag":[],"class_list":{"0":"post-906","1":"product","2":"type-product","3":"status-publish","4":"has-post-thumbnail","6":"product_cat-sem-categoria","8":"first","9":"outofstock","10":"shipping-taxable","11":"product-type-simple"},"_links":{"self":[{"href":"https:\/\/atelierleilarazel.com\/en\/wp-json\/wp\/v2\/product\/906","targetHints":{"allow":["GET"]}}],"collection":[{"href":"https:\/\/atelierleilarazel.com\/en\/wp-json\/wp\/v2\/product"}],"about":[{"href":"https:\/\/atelierleilarazel.com\/en\/wp-json\/wp\/v2\/types\/product"}],"replies":[{"embeddable":true,"href":"https:\/\/atelierleilarazel.com\/en\/wp-json\/wp\/v2\/comments?post=906"}],"wp:featuredmedia":[{"embeddable":true,"href":"https:\/\/atelierleilarazel.com\/en\/wp-json\/wp\/v2\/media\/925"}],"wp:attachment":[{"href":"https:\/\/atelierleilarazel.com\/en\/wp-json\/wp\/v2\/media?parent=906"}],"wp:term":[{"taxonomy":"product_brand","embeddable":true,"href":"https:\/\/atelierleilarazel.com\/en\/wp-json\/wp\/v2\/product_brand?post=906"},{"taxonomy":"product_cat","embeddable":true,"href":"https:\/\/atelierleilarazel.com\/en\/wp-json\/wp\/v2\/product_cat?post=906"},{"taxonomy":"product_tag","embeddable":true,"href":"https:\/\/atelierleilarazel.com\/en\/wp-json\/wp\/v2\/product_tag?post=906"}],"curies":[{"name":"wp","href":"https:\/\/api.w.org\/{rel}","templated":true}]}}