{"id":905,"date":"2025-03-18T11:12:28","date_gmt":"2025-03-18T11:12:28","guid":{"rendered":"https:\/\/atelierleilarazel.com\/?post_type=product&#038;p=905"},"modified":"2025-03-21T17:33:08","modified_gmt":"2025-03-21T17:33:08","slug":"colar-disponivel-em-todos-os-modelos","status":"publish","type":"product","link":"https:\/\/atelierleilarazel.com\/en\/product\/colar-disponivel-em-todos-os-modelos\/","title":{"rendered":"Necklace \u2013 available in all designs"},"content":{"rendered":"<h5 class=\"translation-block\"><strong>\u20ac145<\/strong> - Tourmaline and 950 silver<br>\n<strong>\u20ac450<\/strong> - Tourmaline and 18k gold<\/h5>\n<p><span style=\"font-weight: 400;\">Includes a 45cm chain. Approximate pendant width: 12mm.<br \/>\n<\/span><span style=\"font-weight: 400;\">A more delicate version of the medallions, designed to be worn close to the heart. May this jewel accompany you on your journey, reminding you that beauty lies not only in the destination but also in the steps that lead you there.<\/span><\/p>\n<p><span style=\"font-weight: 400;\">Available in Trace, \u00c9lan, \u00c9clat, and \u00c9cho designs. In this necklace, the central stones are always round.<\/span><\/p>\n<p><span style=\"font-weight: 400;\">Each piece is handmade, making every jewel unique. Slight variations may occur. Production time: approximately one month.<\/span><\/p>\n<p><span style=\"font-weight: 400;\"> [<a href=\"https:\/\/atelierleilarazel.com\/en\/politicas-e-garantia\/\">Read more about this jewel\u2019s warranty.<\/a>]<\/span><\/p>","protected":false},"excerpt":{"rendered":"<p>Essa \u00e9 a primeira pe\u00e7a da nossa primeira cole\u00e7\u00e3o, desenvolvida com muito amor e aprendizado, pra voc\u00ea desfrutar!<\/p>","protected":false},"featured_media":1036,"comment_status":"closed","ping_status":"closed","template":"","meta":{"_monsterinsights_skip_tracking":false,"_monsterinsights_sitenote_active":false,"_monsterinsights_sitenote_note":"","_monsterinsights_sitenote_category":0},"product_brand":[],"product_cat":[16],"product_tag":[],"class_list":{"0":"post-905","1":"product","2":"type-product","3":"status-publish","4":"has-post-thumbnail","6":"product_cat-sem-categoria","8":"first","9":"outofstock","10":"shipping-taxable","11":"product-type-simple"},"_links":{"self":[{"href":"https:\/\/atelierleilarazel.com\/en\/wp-json\/wp\/v2\/product\/905","targetHints":{"allow":["GET"]}}],"collection":[{"href":"https:\/\/atelierleilarazel.com\/en\/wp-json\/wp\/v2\/product"}],"about":[{"href":"https:\/\/atelierleilarazel.com\/en\/wp-json\/wp\/v2\/types\/product"}],"replies":[{"embeddable":true,"href":"https:\/\/atelierleilarazel.com\/en\/wp-json\/wp\/v2\/comments?post=905"}],"wp:featuredmedia":[{"embeddable":true,"href":"https:\/\/atelierleilarazel.com\/en\/wp-json\/wp\/v2\/media\/1036"}],"wp:attachment":[{"href":"https:\/\/atelierleilarazel.com\/en\/wp-json\/wp\/v2\/media?parent=905"}],"wp:term":[{"taxonomy":"product_brand","embeddable":true,"href":"https:\/\/atelierleilarazel.com\/en\/wp-json\/wp\/v2\/product_brand?post=905"},{"taxonomy":"product_cat","embeddable":true,"href":"https:\/\/atelierleilarazel.com\/en\/wp-json\/wp\/v2\/product_cat?post=905"},{"taxonomy":"product_tag","embeddable":true,"href":"https:\/\/atelierleilarazel.com\/en\/wp-json\/wp\/v2\/product_tag?post=905"}],"curies":[{"name":"wp","href":"https:\/\/api.w.org\/{rel}","templated":true}]}}