{"id":903,"date":"2025-03-18T11:11:07","date_gmt":"2025-03-18T11:11:07","guid":{"rendered":"https:\/\/atelierleilarazel.com\/?post_type=product&#038;p=903"},"modified":"2025-03-24T13:45:02","modified_gmt":"2025-03-24T13:45:02","slug":"medalhao-elan","status":"publish","type":"product","link":"https:\/\/atelierleilarazel.com\/en\/product\/medalhao-elan\/","title":{"rendered":"Medallion \u00c9lan"},"content":{"rendered":"<h5 class=\"translation-block\"><span style=\"font-weight: 400\"><strong>\u20ac210 <\/strong>- 950 silver and tourmaline<\/h5>\n<p><span style=\"font-weight: 400;\">Includes a 55cm chain. Approximate pendant width: 22mm.<\/span><\/p>\n<p><span style=\"font-weight: 400;\">The medallions are the heart of this collection. Crafted using the hand engraving technique, they are true talismans\u2014guiding, protecting, and reminding you to follow your path.<\/span><\/p>\n<p><span style=\"font-weight: 400;\">Each piece is handmade, making every jewel unique. Slight variations may occur. Production time: approximately one month. <\/span><\/p>\n<p><span style=\"font-weight: 400;\">[<a href=\"https:\/\/atelierleilarazel.com\/en\/politicas-e-garantia\/\" target=\"_blank\" rel=\"noopener\">Read more about this jewel\u2019s warranty.<\/a>]<\/span><\/p>","protected":false},"excerpt":{"rendered":"<p>Essa \u00e9 a primeira pe\u00e7a da nossa primeira cole\u00e7\u00e3o, desenvolvida com muito amor e aprendizado, pra voc\u00ea desfrutar!<\/p>","protected":false},"featured_media":952,"comment_status":"closed","ping_status":"closed","template":"","meta":{"_monsterinsights_skip_tracking":false,"_monsterinsights_sitenote_active":false,"_monsterinsights_sitenote_note":"","_monsterinsights_sitenote_category":0},"product_brand":[],"product_cat":[16],"product_tag":[],"class_list":{"0":"post-903","1":"product","2":"type-product","3":"status-publish","4":"has-post-thumbnail","6":"product_cat-sem-categoria","8":"first","9":"outofstock","10":"shipping-taxable","11":"product-type-simple"},"_links":{"self":[{"href":"https:\/\/atelierleilarazel.com\/en\/wp-json\/wp\/v2\/product\/903","targetHints":{"allow":["GET"]}}],"collection":[{"href":"https:\/\/atelierleilarazel.com\/en\/wp-json\/wp\/v2\/product"}],"about":[{"href":"https:\/\/atelierleilarazel.com\/en\/wp-json\/wp\/v2\/types\/product"}],"replies":[{"embeddable":true,"href":"https:\/\/atelierleilarazel.com\/en\/wp-json\/wp\/v2\/comments?post=903"}],"wp:featuredmedia":[{"embeddable":true,"href":"https:\/\/atelierleilarazel.com\/en\/wp-json\/wp\/v2\/media\/952"}],"wp:attachment":[{"href":"https:\/\/atelierleilarazel.com\/en\/wp-json\/wp\/v2\/media?parent=903"}],"wp:term":[{"taxonomy":"product_brand","embeddable":true,"href":"https:\/\/atelierleilarazel.com\/en\/wp-json\/wp\/v2\/product_brand?post=903"},{"taxonomy":"product_cat","embeddable":true,"href":"https:\/\/atelierleilarazel.com\/en\/wp-json\/wp\/v2\/product_cat?post=903"},{"taxonomy":"product_tag","embeddable":true,"href":"https:\/\/atelierleilarazel.com\/en\/wp-json\/wp\/v2\/product_tag?post=903"}],"curies":[{"name":"wp","href":"https:\/\/api.w.org\/{rel}","templated":true}]}}