{"id":1271,"date":"2026-04-22T12:56:55","date_gmt":"2026-04-22T12:56:55","guid":{"rendered":"https:\/\/atelierleilarazel.com\/?post_type=product&#038;p=1271"},"modified":"2026-04-24T15:18:24","modified_gmt":"2026-04-24T15:18:24","slug":"pingente-trio","status":"publish","type":"product","link":"https:\/\/atelierleilarazel.com\/en\/product\/pingente-trio\/","title":{"rendered":"Pingente Trio"},"content":{"rendered":"<h5><span style=\"font-weight: 400;\"><strong>A partir de R$3200<\/strong><\/span><\/h5>\n<p><span style=\"font-weight: 400;\">Joia feita em ouro 18k amarelo, branco ou ros\u00e9, e pedras de 3mm, 3,5mm e 4mm (diferentes op\u00e7\u00f5es de pedras dispon\u00edveis). Personaliza\u00e7\u00f5es dispon\u00edveis sob demanda.\u00a0<\/span><\/p>\n<p><span style=\"font-weight: 400;\">Cada joia \u00e9 feita \u00e0 m\u00e3o, tornando cada pe\u00e7a \u00fanica, por isso, pequenas varia\u00e7\u00f5es podem ocorrer.\u00a0<\/span><\/p>\n<p><span style=\"font-weight: 400;\">Prazo de produ\u00e7\u00e3o: aproximadamente 1 m\u00eas a partir da confirma\u00e7\u00e3o do pedido.<\/span><\/p>\n<p><span style=\"font-weight: 400;\">[<a href=\"https:\/\/atelierleilarazel.com\/en\/politicas-e-garantia\/\" target=\"_blank\" rel=\"noopener\">Read more about this jewel\u2019s warranty.<\/a>]<\/span><\/p>","protected":false},"excerpt":{"rendered":"<p>A partir de R$3200 Joia feita em ouro 18k amarelo, branco ou ros\u00e9, e pedras de 3mm, 3,5mm e 4mm (diferentes op\u00e7\u00f5es de pedras dispon\u00edveis). Personaliza\u00e7\u00f5es dispon\u00edveis sob demanda.\u00a0 Cada joia \u00e9 feita \u00e0 m\u00e3o, tornando cada pe\u00e7a \u00fanica, por isso, pequenas varia\u00e7\u00f5es podem ocorrer.\u00a0 Prazo de produ\u00e7\u00e3o: aproximadamente 1 m\u00eas a partir da confirma\u00e7\u00e3o [&hellip;]<\/p>","protected":false},"featured_media":1273,"comment_status":"closed","ping_status":"closed","template":"","meta":{"_monsterinsights_skip_tracking":false,"_monsterinsights_sitenote_active":false,"_monsterinsights_sitenote_note":"","_monsterinsights_sitenote_category":0},"product_brand":[],"product_cat":[25],"product_tag":[26],"class_list":{"0":"post-1271","1":"product","2":"type-product","3":"status-publish","4":"has-post-thumbnail","6":"product_cat-aneis-de-noivado-e-aliancas","7":"product_tag-lien","9":"first","10":"outofstock","11":"shipping-taxable","12":"product-type-simple"},"_links":{"self":[{"href":"https:\/\/atelierleilarazel.com\/en\/wp-json\/wp\/v2\/product\/1271","targetHints":{"allow":["GET"]}}],"collection":[{"href":"https:\/\/atelierleilarazel.com\/en\/wp-json\/wp\/v2\/product"}],"about":[{"href":"https:\/\/atelierleilarazel.com\/en\/wp-json\/wp\/v2\/types\/product"}],"replies":[{"embeddable":true,"href":"https:\/\/atelierleilarazel.com\/en\/wp-json\/wp\/v2\/comments?post=1271"}],"wp:featuredmedia":[{"embeddable":true,"href":"https:\/\/atelierleilarazel.com\/en\/wp-json\/wp\/v2\/media\/1273"}],"wp:attachment":[{"href":"https:\/\/atelierleilarazel.com\/en\/wp-json\/wp\/v2\/media?parent=1271"}],"wp:term":[{"taxonomy":"product_brand","embeddable":true,"href":"https:\/\/atelierleilarazel.com\/en\/wp-json\/wp\/v2\/product_brand?post=1271"},{"taxonomy":"product_cat","embeddable":true,"href":"https:\/\/atelierleilarazel.com\/en\/wp-json\/wp\/v2\/product_cat?post=1271"},{"taxonomy":"product_tag","embeddable":true,"href":"https:\/\/atelierleilarazel.com\/en\/wp-json\/wp\/v2\/product_tag?post=1271"}],"curies":[{"name":"wp","href":"https:\/\/api.w.org\/{rel}","templated":true}]}}