{"id":1126,"date":"2025-06-29T13:21:59","date_gmt":"2025-06-29T13:21:59","guid":{"rendered":"https:\/\/atelierleilarazel.com\/?post_type=product&#038;p=1126"},"modified":"2026-01-23T15:00:32","modified_gmt":"2026-01-23T15:00:32","slug":"anel-balade-2","status":"publish","type":"product","link":"https:\/\/atelierleilarazel.com\/en\/product\/anel-balade-2\/","title":{"rendered":"Ring Balade"},"content":{"rendered":"<h5><span style=\"font-weight: 400;\"><strong>A partir de R$4900\u00a0<\/strong><\/span><\/h5>\n<p>Joia feita em ouro 18k amarelo ou ros\u00e9, e pedra de 5mm (diferentes op\u00e7\u00f5es de pedra dispon\u00edveis).<br \/>\nPersonaliza\u00e7\u00f5es dispon\u00edveis sob demanda.<br \/>\nCada joia \u00e9 feita \u00e0 m\u00e3o, tornando cada pe\u00e7a \u00fanica, por isso pequenas varia\u00e7\u00f5es podem ocorrer.<br \/>\nPrazo de produ\u00e7\u00e3o: aproximadamente 1 m\u00eas \u00e0 partir da confirma\u00e7\u00e3o do pedido.<\/p>\n<p>[<a href=\"https:\/\/atelierleilarazel.com\/en\/como-medir-o-tamanho-do-seu-anel\/\">Descubra aqui o tamanho do seu anel<\/a>]<\/p>\n<p><span style=\"font-weight: 400;\">[<a href=\"https:\/\/atelierleilarazel.com\/en\/politicas-e-garantia\/\" target=\"_blank\" rel=\"noopener\">Read more about this jewel\u2019s warranty.<\/a>]<\/span><\/p>","protected":false},"excerpt":{"rendered":"<p>Essa \u00e9 a primeira pe\u00e7a da nossa primeira cole\u00e7\u00e3o, desenvolvida com muito amor e aprendizado, pra voc\u00ea desfrutar!<\/p>","protected":false},"featured_media":1127,"comment_status":"closed","ping_status":"closed","template":"","meta":{"_monsterinsights_skip_tracking":false,"_monsterinsights_sitenote_active":false,"_monsterinsights_sitenote_note":"","_monsterinsights_sitenote_category":0},"product_brand":[],"product_cat":[25],"product_tag":[],"class_list":{"0":"post-1126","1":"product","2":"type-product","3":"status-publish","4":"has-post-thumbnail","6":"product_cat-aneis-de-noivado-e-aliancas","8":"first","9":"outofstock","10":"shipping-taxable","11":"product-type-simple"},"_links":{"self":[{"href":"https:\/\/atelierleilarazel.com\/en\/wp-json\/wp\/v2\/product\/1126","targetHints":{"allow":["GET"]}}],"collection":[{"href":"https:\/\/atelierleilarazel.com\/en\/wp-json\/wp\/v2\/product"}],"about":[{"href":"https:\/\/atelierleilarazel.com\/en\/wp-json\/wp\/v2\/types\/product"}],"replies":[{"embeddable":true,"href":"https:\/\/atelierleilarazel.com\/en\/wp-json\/wp\/v2\/comments?post=1126"}],"wp:featuredmedia":[{"embeddable":true,"href":"https:\/\/atelierleilarazel.com\/en\/wp-json\/wp\/v2\/media\/1127"}],"wp:attachment":[{"href":"https:\/\/atelierleilarazel.com\/en\/wp-json\/wp\/v2\/media?parent=1126"}],"wp:term":[{"taxonomy":"product_brand","embeddable":true,"href":"https:\/\/atelierleilarazel.com\/en\/wp-json\/wp\/v2\/product_brand?post=1126"},{"taxonomy":"product_cat","embeddable":true,"href":"https:\/\/atelierleilarazel.com\/en\/wp-json\/wp\/v2\/product_cat?post=1126"},{"taxonomy":"product_tag","embeddable":true,"href":"https:\/\/atelierleilarazel.com\/en\/wp-json\/wp\/v2\/product_tag?post=1126"}],"curies":[{"name":"wp","href":"https:\/\/api.w.org\/{rel}","templated":true}]}}