{"id":686,"date":"2025-02-21T22:31:18","date_gmt":"2025-02-21T22:31:18","guid":{"rendered":"https:\/\/atelierleilarazel.com\/?page_id=686"},"modified":"2025-03-06T17:06:34","modified_gmt":"2025-03-06T17:06:34","slug":"politicas-e-garantia","status":"publish","type":"page","link":"https:\/\/atelierleilarazel.com\/en\/politicas-e-garantia\/","title":{"rendered":"Company policies and warranty"},"content":{"rendered":"<div data-elementor-type=\"wp-page\" data-elementor-id=\"686\" class=\"elementor elementor-686\" data-elementor-post-type=\"page\">\n\t\t\t\t\t\t<section class=\"elementor-section elementor-top-section elementor-element elementor-element-fc2902d elementor-section-boxed elementor-section-height-default elementor-section-height-default\" data-id=\"fc2902d\" data-element_type=\"section\">\n\t\t\t\t\t\t<div class=\"elementor-container elementor-column-gap-default\">\n\t\t\t\t\t<div class=\"elementor-column elementor-col-100 elementor-top-column elementor-element elementor-element-1a45b15\" data-id=\"1a45b15\" data-element_type=\"column\">\n\t\t\t<div class=\"elementor-widget-wrap elementor-element-populated\">\n\t\t\t\t\t\t<div class=\"elementor-element elementor-element-e2aa396 elementor-widget elementor-widget-heading\" data-id=\"e2aa396\" data-element_type=\"widget\" data-widget_type=\"heading.default\">\n\t\t\t\t<div class=\"elementor-widget-container\">\n\t\t\t\t\t<h2 class=\"elementor-heading-title elementor-size-default\"><span class=\"OYPEnA font-feature-liga-off font-feature-clig-off font-feature-calt-off text-decoration-none text-strikethrough-none\">Company\u2019s policies<\/span><\/h2>\t\t\t\t<\/div>\n\t\t\t\t<\/div>\n\t\t\t\t\t<\/div>\n\t\t<\/div>\n\t\t\t\t\t<\/div>\n\t\t<\/section>\n\t\t\t\t<section class=\"elementor-section elementor-top-section elementor-element elementor-element-6a6e53d elementor-section-boxed elementor-section-height-default elementor-section-height-default\" data-id=\"6a6e53d\" data-element_type=\"section\">\n\t\t\t\t\t\t<div class=\"elementor-container elementor-column-gap-default\">\n\t\t\t\t\t<div class=\"elementor-column elementor-col-100 elementor-top-column elementor-element elementor-element-d6c8385\" data-id=\"d6c8385\" data-element_type=\"column\">\n\t\t\t<div class=\"elementor-widget-wrap elementor-element-populated\">\n\t\t\t\t\t\t<div class=\"elementor-element elementor-element-1dd3092 elementor-widget elementor-widget-text-editor\" data-id=\"1dd3092\" data-element_type=\"widget\" data-widget_type=\"text-editor.default\">\n\t\t\t\t<div class=\"elementor-widget-container\">\n\t\t\t\t\t\t\t\t\t<p class=\"cvGsUA direction-ltr align-start para-style-body\"><span class=\"OYPEnA font-feature-liga-off font-feature-clig-off font-feature-calt-off text-decoration-none text-strikethrough-none\">The Atelier Leila Razel business is registered under CNPJ 45.813.159\/0001-63. The company's communication channels are:<\/span><\/p><ul><li><span class=\"OYPEnA font-feature-liga-off font-feature-clig-off font-feature-calt-off text-decoration-none text-strikethrough-none\">whatsapp: +55 14 99827-9239<\/span><\/li><li><span class=\"OYPEnA font-feature-liga-off font-feature-clig-off font-feature-calt-off text-decoration-none text-strikethrough-none\">e-mail: leila.razel@gmail.com<\/span><\/li><li><span class=\"OYPEnA font-feature-liga-off font-feature-clig-off font-feature-calt-off text-decoration-none text-strikethrough-none\">instagram: @atelier_leilarazel.<\/span><\/li><\/ul><p class=\"cvGsUA direction-ltr align-justify para-style-body\"><span class=\"OYPEnA font-feature-liga-off font-feature-clig-off font-feature-calt-off text-decoration-none text-strikethrough-none\">The company is solely run by me, Leila Razel, and I am responsible for every aspect of the business. As a one-person business, I kindly ask for my customers' understanding regarding the site\u2019s policies, just as I remain flexible and willing to assist whenever possible. By accessing or purchasing from this site, you agree to comply with and accept the terms and conditions below.<\/span><\/p><p>\u00a0<\/p><ul><li><strong><span class=\"OYPEnA font-feature-liga-off font-feature-clig-off font-feature-calt-off text-decoration-none text-strikethrough-none\">Warranty<\/span><\/strong><\/li><\/ul><p class=\"cvGsUA direction-ltr align-justify para-style-body\"><span class=\"OYPEnA font-feature-liga-off font-feature-clig-off font-feature-calt-off text-decoration-none text-strikethrough-none\">18k gold jewellery: Lifetime warranty.<\/span><\/p><p class=\"cvGsUA direction-ltr align-justify para-style-body\"><span class=\"OYPEnA font-feature-liga-off font-feature-clig-off font-feature-calt-off text-decoration-none text-strikethrough-none\">18k gold is a durable material that, when properly cared for, can last a lifetime or more. However, jewellery is delicate, and the warranty does not cover damage caused by improper use, drops, impacts, or exposure to chemicals. The warranty is also void for jewellery altered by other jewellers. Should your jewellery require care, I recommend returning it to its maker. Repairs outside the warranty can also be carried out, with a fee based on the complexity of the repair.<\/span><\/p><p class=\"cvGsUA direction-ltr align-justify para-style-body\"><span class=\"OYPEnA font-feature-liga-off font-feature-clig-off font-feature-calt-off text-decoration-none text-strikethrough-none\">950 silver jewellery: One-year warranty.<\/span><\/p><p class=\"cvGsUA direction-ltr align-justify para-style-body\"><span class=\"OYPEnA font-feature-liga-off font-feature-clig-off font-feature-calt-off text-decoration-none text-strikethrough-none\">Silver is a less durable metal than gold and may show more wear over time. The same warranty terms for gold jewellery apply to silver jewellery within the one-year period.<\/span><\/p><p class=\"cvGsUA direction-ltr align-justify para-style-body\"><span class=\"OYPEnA font-feature-liga-off font-feature-clig-off font-feature-calt-off text-decoration-none text-strikethrough-none\">Gold-plated, rhodium-plated, or silver-plated jewellery: These may have a different warranty depending on the company providing the plating service.<\/span><\/p><p>\u00a0<\/p><ul><li><span class=\"OYPEnA font-feature-liga-off font-feature-clig-off font-feature-calt-off text-decoration-none text-strikethrough-none\">Customer-supplied materials<\/span><\/li><\/ul><p class=\"cvGsUA direction-ltr align-justify para-style-body\"><span class=\"OYPEnA font-feature-liga-off font-feature-clig-off font-feature-calt-off text-decoration-none text-strikethrough-none\">The atelier is not responsible for any damage to stones or old jewellery provided by customers for the creation of new pieces. By supplying such materials, you understand that, despite careful handling, they may break or undergo some modification.<\/span><\/p><p>\u00a0<\/p><ul><li><span class=\"OYPEnA font-feature-liga-off font-feature-clig-off font-feature-calt-off text-decoration-none text-strikethrough-none\">Payment with gold<\/span><\/li><\/ul><p class=\"cvGsUA direction-ltr align-justify para-style-body\"><span class=\"OYPEnA font-feature-liga-off font-feature-clig-off font-feature-calt-off text-decoration-none text-strikethrough-none\">The atelier accepts payment in gold (provided the value does not exceed 50% of the total project cost). The gold may either be used in crafting the new jewellery or simply as payment. In either case, once the gold is supplied, it is understood that it cannot be restored to its original form. It will be melted for the creation of new pieces.<\/span><\/p><p class=\"cvGsUA direction-ltr align-justify para-style-body\"><span class=\"OYPEnA font-feature-liga-off font-feature-clig-off font-feature-calt-off text-decoration-none text-strikethrough-none\">The value of the gold will be calculated based on the metal's market rate on the transaction day.<\/span><\/p><p>\u00a0<\/p><ul><li><span class=\"OYPEnA font-feature-liga-off font-feature-clig-off font-feature-calt-off text-decoration-none text-strikethrough-none\">Exchanges and returns<\/span><\/li><\/ul><p class=\"cvGsUA direction-ltr align-justify para-style-body\"><span class=\"OYPEnA font-feature-liga-off font-feature-clig-off font-feature-calt-off text-decoration-none text-strikethrough-none\">Customised jewellery: Customised pieces cannot be exchanged or returned unless there is a defect in the item. These are unique creations made exclusively for you.<\/span><\/p><p class=\"cvGsUA direction-ltr align-justify para-style-body\"><span class=\"OYPEnA font-feature-liga-off font-feature-clig-off font-feature-calt-off text-decoration-none text-strikethrough-none\">Ready-to-ship and collection jewellery: These pieces can be exchanged or returned if the request is made within 7 days of delivery, provided the item is in its original, unused condition and packaging. However, keep in mind that as I keep little to no stock of jewellery, when a piece is returned or exchanged, a new one must be produced.<\/span><\/p><p class=\"cvGsUA direction-ltr align-justify para-style-body\"><span class=\"OYPEnA font-feature-liga-off font-feature-clig-off font-feature-calt-off text-decoration-none text-strikethrough-none\">The customer is responsible for shipping costs unless the item is defective.<\/span><\/p><p>\u00a0<\/p><ul><li><span class=\"OYPEnA font-feature-liga-off font-feature-clig-off font-feature-calt-off text-decoration-none text-strikethrough-none\">Adjustments<\/span><\/li><\/ul><p class=\"cvGsUA direction-ltr align-justify para-style-body\"><span class=\"OYPEnA font-feature-liga-off font-feature-clig-off font-feature-calt-off text-decoration-none text-strikethrough-none\">Getting the correct ring size can be challenging. The site provides a guide explaining three methods to measure your size before making a purchase. If, despite this, your ring does not fit, the first adjustment is free of charge, provided the request is made within one month of delivery. Shipping costs for the adjustment and its return are the customer\u2019s responsibility. Any additional adjustments will incur a fee.<\/span><\/p><p>\u00a0<\/p><ul><li><strong><span class=\"OYPEnA font-feature-liga-off font-feature-clig-off font-feature-calt-off text-decoration-none text-strikethrough-none\">Shipping<\/span><\/strong><\/li><\/ul><p class=\"cvGsUA direction-ltr align-justify para-style-body\"><span class=\"OYPEnA font-feature-liga-off font-feature-clig-off font-feature-calt-off text-decoration-none text-strikethrough-none\">The shipment of jewellery is of full responsibility of Atelier Leila Razel.<\/span><\/p>\t\t\t\t\t\t\t\t<\/div>\n\t\t\t\t<\/div>\n\t\t\t\t\t<\/div>\n\t\t<\/div>\n\t\t\t\t\t<\/div>\n\t\t<\/section>\n\t\t\t\t<\/div>","protected":false},"excerpt":{"rendered":"<p>POl\u00edticas e garantia A empresa Atelier Leila Razel est\u00e1 registrada sob o CNPJ 45.813.159\/0001-63 e os canais de comunica\u00e7\u00e3o da empresa s\u00e3o: whatsapp: +55 14 99827-9239 e-mail: leila.razel@gmail.com instagram: @atelier_leilarazel. A empresa \u00e9 constitu\u00edda apenas por mim, Leila Razel, que sou respons\u00e1vel por todos os aspectos do neg\u00f3cio. Sendo uma s\u00f3 pessoa, eu espero poder [&hellip;]<\/p>","protected":false},"author":1,"featured_media":0,"parent":0,"menu_order":0,"comment_status":"closed","ping_status":"closed","template":"elementor_header_footer","meta":{"_monsterinsights_skip_tracking":false,"_monsterinsights_sitenote_active":false,"_monsterinsights_sitenote_note":"","_monsterinsights_sitenote_category":0,"footnotes":""},"class_list":["post-686","page","type-page","status-publish","hentry"],"_links":{"self":[{"href":"https:\/\/atelierleilarazel.com\/en\/wp-json\/wp\/v2\/pages\/686","targetHints":{"allow":["GET"]}}],"collection":[{"href":"https:\/\/atelierleilarazel.com\/en\/wp-json\/wp\/v2\/pages"}],"about":[{"href":"https:\/\/atelierleilarazel.com\/en\/wp-json\/wp\/v2\/types\/page"}],"author":[{"embeddable":true,"href":"https:\/\/atelierleilarazel.com\/en\/wp-json\/wp\/v2\/users\/1"}],"replies":[{"embeddable":true,"href":"https:\/\/atelierleilarazel.com\/en\/wp-json\/wp\/v2\/comments?post=686"}],"version-history":[{"count":7,"href":"https:\/\/atelierleilarazel.com\/en\/wp-json\/wp\/v2\/pages\/686\/revisions"}],"predecessor-version":[{"id":769,"href":"https:\/\/atelierleilarazel.com\/en\/wp-json\/wp\/v2\/pages\/686\/revisions\/769"}],"wp:attachment":[{"href":"https:\/\/atelierleilarazel.com\/en\/wp-json\/wp\/v2\/media?parent=686"}],"curies":[{"name":"wp","href":"https:\/\/api.w.org\/{rel}","templated":true}]}}