{"id":676,"date":"2025-02-21T22:27:06","date_gmt":"2025-02-21T22:27:06","guid":{"rendered":"https:\/\/atelierleilarazel.com\/?page_id=676"},"modified":"2025-03-13T15:07:36","modified_gmt":"2025-03-13T15:07:36","slug":"cuidados-com-sua-joia","status":"publish","type":"page","link":"https:\/\/atelierleilarazel.com\/en\/cuidados-com-sua-joia\/","title":{"rendered":"cuidados com sua joia"},"content":{"rendered":"<div data-elementor-type=\"wp-page\" data-elementor-id=\"676\" class=\"elementor elementor-676\" data-elementor-post-type=\"page\">\n\t\t\t\t\t\t<section class=\"elementor-section elementor-top-section elementor-element elementor-element-fc2902d elementor-section-boxed elementor-section-height-default elementor-section-height-default\" data-id=\"fc2902d\" data-element_type=\"section\">\n\t\t\t\t\t\t<div class=\"elementor-container elementor-column-gap-default\">\n\t\t\t\t\t<div class=\"elementor-column elementor-col-100 elementor-top-column elementor-element elementor-element-1a45b15\" data-id=\"1a45b15\" data-element_type=\"column\">\n\t\t\t<div class=\"elementor-widget-wrap elementor-element-populated\">\n\t\t\t\t\t\t<div class=\"elementor-element elementor-element-e2aa396 elementor-widget elementor-widget-heading\" data-id=\"e2aa396\" data-element_type=\"widget\" data-widget_type=\"heading.default\">\n\t\t\t\t<div class=\"elementor-widget-container\">\n\t\t\t\t\t<h2 class=\"elementor-heading-title elementor-size-default\">Jewellery Care<\/h2>\t\t\t\t<\/div>\n\t\t\t\t<\/div>\n\t\t\t\t\t<\/div>\n\t\t<\/div>\n\t\t\t\t\t<\/div>\n\t\t<\/section>\n\t\t\t\t<section class=\"elementor-section elementor-top-section elementor-element elementor-element-6a6e53d elementor-section-boxed elementor-section-height-default elementor-section-height-default\" data-id=\"6a6e53d\" data-element_type=\"section\">\n\t\t\t\t\t\t<div class=\"elementor-container elementor-column-gap-default\">\n\t\t\t\t\t<div class=\"elementor-column elementor-col-50 elementor-top-column elementor-element elementor-element-7cc68f7\" data-id=\"7cc68f7\" data-element_type=\"column\">\n\t\t\t<div class=\"elementor-widget-wrap elementor-element-populated\">\n\t\t\t\t\t\t<div class=\"elementor-element elementor-element-04ea6cc elementor-widget elementor-widget-image\" data-id=\"04ea6cc\" data-element_type=\"widget\" data-widget_type=\"image.default\">\n\t\t\t\t<div class=\"elementor-widget-container\">\n\t\t\t\t\t\t\t\t\t\t\t\t\t\t\t<img fetchpriority=\"high\" decoding=\"async\" width=\"800\" height=\"1021\" src=\"https:\/\/atelierleilarazel.com\/wp-content\/uploads\/2025\/02\/Pg-10-cuidados-com-sua-joia-1-scaled-e1741878335667-802x1024.jpg\" class=\"attachment-large size-large wp-image-679\" alt=\"\" srcset=\"https:\/\/atelierleilarazel.com\/wp-content\/uploads\/2025\/02\/Pg-10-cuidados-com-sua-joia-1-scaled-e1741878335667-802x1024.jpg 802w, https:\/\/atelierleilarazel.com\/wp-content\/uploads\/2025\/02\/Pg-10-cuidados-com-sua-joia-1-scaled-e1741878335667-235x300.jpg 235w, https:\/\/atelierleilarazel.com\/wp-content\/uploads\/2025\/02\/Pg-10-cuidados-com-sua-joia-1-scaled-e1741878335667-768x981.jpg 768w, https:\/\/atelierleilarazel.com\/wp-content\/uploads\/2025\/02\/Pg-10-cuidados-com-sua-joia-1-scaled-e1741878335667-1202x1536.jpg 1202w, https:\/\/atelierleilarazel.com\/wp-content\/uploads\/2025\/02\/Pg-10-cuidados-com-sua-joia-1-scaled-e1741878335667-1603x2048.jpg 1603w, https:\/\/atelierleilarazel.com\/wp-content\/uploads\/2025\/02\/Pg-10-cuidados-com-sua-joia-1-scaled-e1741878335667-9x12.jpg 9w, https:\/\/atelierleilarazel.com\/wp-content\/uploads\/2025\/02\/Pg-10-cuidados-com-sua-joia-1-scaled-e1741878335667-600x767.jpg 600w, https:\/\/atelierleilarazel.com\/wp-content\/uploads\/2025\/02\/Pg-10-cuidados-com-sua-joia-1-scaled-e1741878335667.jpg 1920w\" sizes=\"(max-width: 800px) 100vw, 800px\" \/>\t\t\t\t\t\t\t\t\t\t\t\t\t\t\t<\/div>\n\t\t\t\t<\/div>\n\t\t\t\t\t<\/div>\n\t\t<\/div>\n\t\t\t\t<div class=\"elementor-column elementor-col-50 elementor-top-column elementor-element elementor-element-d6c8385\" data-id=\"d6c8385\" data-element_type=\"column\">\n\t\t\t<div class=\"elementor-widget-wrap elementor-element-populated\">\n\t\t\t\t\t\t<div class=\"elementor-element elementor-element-1dd3092 elementor-widget elementor-widget-text-editor\" data-id=\"1dd3092\" data-element_type=\"widget\" data-widget_type=\"text-editor.default\">\n\t\t\t\t<div class=\"elementor-widget-container\">\n\t\t\t\t\t\t\t\t\t<p class=\"cvGsUA direction-ltr align-start para-style-body\"><span class=\"OYPEnA font-feature-liga-off font-feature-clig-off font-feature-calt-off text-decoration-none text-strikethrough-none\">Jewellery should be treated with care. Here are some tips to help preserve it:<\/span><\/p><ul><li><span class=\"OYPEnA font-feature-liga-off font-feature-clig-off font-feature-calt-off text-decoration-none text-strikethrough-none\"><span class=\"OYPEnA font-feature-liga-off font-feature-clig-off font-feature-calt-off text-decoration-none text-strikethrough-none\">Remove your jewellery before engaging in physical activities, manual work, or other activities that could cause impact.<\/span><\/span><p>\u00a0<\/p><\/li><\/ul><ul><li><span class=\"OYPEnA font-feature-liga-off font-feature-clig-off font-feature-calt-off text-decoration-none text-strikethrough-none\"><span class=\"OYPEnA font-feature-liga-off font-feature-clig-off font-feature-calt-off text-decoration-none text-strikethrough-none\">Take off your jewellery before going into the sea, a pool, or taking a shower.<\/span><\/span><p>\u00a0<\/p><\/li><\/ul><ul><li><span class=\"OYPEnA font-feature-liga-off font-feature-clig-off font-feature-calt-off text-decoration-none text-strikethrough-none\"><span class=\"OYPEnA font-feature-liga-off font-feature-clig-off font-feature-calt-off text-decoration-none text-strikethrough-none\">Avoid contact with cosmetics, perfumes, and chemical products.<\/span><\/span><p>\u00a0<\/p><\/li><\/ul><ul><li><span class=\"OYPEnA font-feature-liga-off font-feature-clig-off font-feature-calt-off text-decoration-none text-strikethrough-none\"><span class=\"OYPEnA font-feature-liga-off font-feature-clig-off font-feature-calt-off text-decoration-none text-strikethrough-none\">Store your jewellery in a place free from light or humidity. Keep each piece stored individually in its box or pouch to prevent friction with other pieces.<\/span><\/span><p>\u00a0<\/p><\/li><\/ul><ul><li><span class=\"OYPEnA font-feature-liga-off font-feature-clig-off font-feature-calt-off text-decoration-none text-strikethrough-none\"><span class=\"OYPEnA font-feature-liga-off font-feature-clig-off font-feature-calt-off text-decoration-none text-strikethrough-none\">Use the polishing cloth provided with your jewellery to clean it whenever necessary. It\u2019s normal for gold and silver to lose a bit of their shine over time, but you can restore it by gently rubbing the cloth on the metal.<\/span><\/span><p>\u00a0<\/p><\/li><\/ul><ul><li><span class=\"OYPEnA font-feature-liga-off font-feature-clig-off font-feature-calt-off text-decoration-none text-strikethrough-none\">If your jewellery is very dirty, soak it in warm water with mild soap for 10 minutes. Gently brush it with a soft brush, being careful to not move the stones, then dry it with a hairdryer or cloth. Finish the cleaning process with the magic cloth.<\/span><\/li><\/ul>\t\t\t\t\t\t\t\t<\/div>\n\t\t\t\t<\/div>\n\t\t\t\t\t<\/div>\n\t\t<\/div>\n\t\t\t\t\t<\/div>\n\t\t<\/section>\n\t\t\t\t<\/div>","protected":false},"excerpt":{"rendered":"<p>cuidados com SUA JOIA Joias devem ser tratadas com cuidado e carinho. Aqui est\u00e3o algumas dicas para preserv\u00e1-las: Retire suas joias para fazer atividades f\u00edsicas, trabalhos manuais, e outras atividades que possam causar impacto. \u00a0 Retire suas joias para entrar no mar, piscina, ou tomar banho. \u00a0 Evite o contato com cosm\u00e9ticos, perfumes, e produtos [&hellip;]<\/p>","protected":false},"author":1,"featured_media":0,"parent":0,"menu_order":0,"comment_status":"closed","ping_status":"closed","template":"elementor_header_footer","meta":{"_monsterinsights_skip_tracking":false,"_monsterinsights_sitenote_active":false,"_monsterinsights_sitenote_note":"","_monsterinsights_sitenote_category":0,"footnotes":""},"class_list":["post-676","page","type-page","status-publish","hentry"],"_links":{"self":[{"href":"https:\/\/atelierleilarazel.com\/en\/wp-json\/wp\/v2\/pages\/676","targetHints":{"allow":["GET"]}}],"collection":[{"href":"https:\/\/atelierleilarazel.com\/en\/wp-json\/wp\/v2\/pages"}],"about":[{"href":"https:\/\/atelierleilarazel.com\/en\/wp-json\/wp\/v2\/types\/page"}],"author":[{"embeddable":true,"href":"https:\/\/atelierleilarazel.com\/en\/wp-json\/wp\/v2\/users\/1"}],"replies":[{"embeddable":true,"href":"https:\/\/atelierleilarazel.com\/en\/wp-json\/wp\/v2\/comments?post=676"}],"version-history":[{"count":25,"href":"https:\/\/atelierleilarazel.com\/en\/wp-json\/wp\/v2\/pages\/676\/revisions"}],"predecessor-version":[{"id":828,"href":"https:\/\/atelierleilarazel.com\/en\/wp-json\/wp\/v2\/pages\/676\/revisions\/828"}],"wp:attachment":[{"href":"https:\/\/atelierleilarazel.com\/en\/wp-json\/wp\/v2\/media?parent=676"}],"curies":[{"name":"wp","href":"https:\/\/api.w.org\/{rel}","templated":true}]}}