{"id":670,"date":"2025-02-21T22:18:59","date_gmt":"2025-02-21T22:18:59","guid":{"rendered":"https:\/\/atelierleilarazel.com\/?page_id=670"},"modified":"2025-03-13T15:09:14","modified_gmt":"2025-03-13T15:09:14","slug":"como-medir-o-tamanho-do-seu-anel","status":"publish","type":"page","link":"https:\/\/atelierleilarazel.com\/en\/como-medir-o-tamanho-do-seu-anel\/","title":{"rendered":"How to measure your ring size"},"content":{"rendered":"<div data-elementor-type=\"wp-page\" data-elementor-id=\"670\" class=\"elementor elementor-670\" data-elementor-post-type=\"page\">\n\t\t\t\t\t\t<section class=\"elementor-section elementor-top-section elementor-element elementor-element-fc2902d elementor-section-boxed elementor-section-height-default elementor-section-height-default\" data-id=\"fc2902d\" data-element_type=\"section\">\n\t\t\t\t\t\t<div class=\"elementor-container elementor-column-gap-default\">\n\t\t\t\t\t<div class=\"elementor-column elementor-col-100 elementor-top-column elementor-element elementor-element-1a45b15\" data-id=\"1a45b15\" data-element_type=\"column\">\n\t\t\t<div class=\"elementor-widget-wrap elementor-element-populated\">\n\t\t\t\t\t\t<div class=\"elementor-element elementor-element-e2aa396 elementor-widget elementor-widget-heading\" data-id=\"e2aa396\" data-element_type=\"widget\" data-widget_type=\"heading.default\">\n\t\t\t\t<div class=\"elementor-widget-container\">\n\t\t\t\t\t<h2 class=\"elementor-heading-title elementor-size-default\">How to measure your ring size<\/h2>\t\t\t\t<\/div>\n\t\t\t\t<\/div>\n\t\t\t\t\t<\/div>\n\t\t<\/div>\n\t\t\t\t\t<\/div>\n\t\t<\/section>\n\t\t\t\t<section class=\"elementor-section elementor-top-section elementor-element elementor-element-fa22ea6 elementor-section-boxed elementor-section-height-default elementor-section-height-default\" data-id=\"fa22ea6\" data-element_type=\"section\" data-settings=\"{&quot;background_background&quot;:&quot;slideshow&quot;,&quot;background_slideshow_gallery&quot;:[{&quot;id&quot;:672,&quot;url&quot;:&quot;https:\\\/\\\/atelierleilarazel.com\\\/wp-content\\\/uploads\\\/2025\\\/02\\\/Pg-9-como-medir-o-tamanho-do-seu-anel-foto-1.jpg&quot;}],&quot;background_slideshow_loop&quot;:&quot;yes&quot;,&quot;background_slideshow_slide_duration&quot;:5000,&quot;background_slideshow_slide_transition&quot;:&quot;fade&quot;,&quot;background_slideshow_transition_duration&quot;:500}\">\n\t\t\t\t\t\t<div class=\"elementor-container elementor-column-gap-default\">\n\t\t\t\t\t<div class=\"elementor-column elementor-col-100 elementor-top-column elementor-element elementor-element-8dddaab\" data-id=\"8dddaab\" data-element_type=\"column\">\n\t\t\t<div class=\"elementor-widget-wrap\">\n\t\t\t\t\t\t\t<\/div>\n\t\t<\/div>\n\t\t\t\t\t<\/div>\n\t\t<\/section>\n\t\t\t\t<section class=\"elementor-section elementor-top-section elementor-element elementor-element-108b76a elementor-section-boxed elementor-section-height-default elementor-section-height-default\" data-id=\"108b76a\" data-element_type=\"section\" data-settings=\"{&quot;background_background&quot;:&quot;slideshow&quot;,&quot;background_slideshow_gallery&quot;:[],&quot;background_slideshow_loop&quot;:&quot;yes&quot;,&quot;background_slideshow_slide_duration&quot;:5000,&quot;background_slideshow_slide_transition&quot;:&quot;fade&quot;,&quot;background_slideshow_transition_duration&quot;:500}\">\n\t\t\t\t\t\t<div class=\"elementor-container elementor-column-gap-default\">\n\t\t\t\t\t<div class=\"elementor-column elementor-col-100 elementor-top-column elementor-element elementor-element-c7de9e0\" data-id=\"c7de9e0\" data-element_type=\"column\">\n\t\t\t<div class=\"elementor-widget-wrap elementor-element-populated\">\n\t\t\t\t\t\t<section class=\"elementor-section elementor-inner-section elementor-element elementor-element-a7d7cfc elementor-section-boxed elementor-section-height-default elementor-section-height-default\" data-id=\"a7d7cfc\" data-element_type=\"section\">\n\t\t\t\t\t\t<div class=\"elementor-container elementor-column-gap-default\">\n\t\t\t\t\t<div class=\"elementor-column elementor-col-100 elementor-inner-column elementor-element elementor-element-1dccb24\" data-id=\"1dccb24\" data-element_type=\"column\">\n\t\t\t<div class=\"elementor-widget-wrap elementor-element-populated\">\n\t\t\t\t\t\t<div class=\"elementor-element elementor-element-b2bfd44 elementor-widget elementor-widget-text-editor\" data-id=\"b2bfd44\" data-element_type=\"widget\" data-widget_type=\"text-editor.default\">\n\t\t\t\t<div class=\"elementor-widget-container\">\n\t\t\t\t\t\t\t\t\t<p class=\"cvGsUA direction-ltr align-justify para-style-body\"><span class=\"OYPEnA font-feature-liga-off font-feature-clig-off font-feature-calt-off text-decoration-none text-strikethrough-none\">Here are the only methods I consider reliable for finding your ring size.\nThis measurement is essential to ensure that your new ring fits perfectly. Remember to measure accurately\u2014every millimetre matters here!<\/span><\/p><ul><li class=\"translation-block\">Go to a jewellery shop in your city and ask for help determining your size. Jewellers have specialised tools for this and can measure your fingers on the spot.<\/li><\/ul><ul><li><span class=\"OYPEnA font-feature-liga-off font-feature-clig-off font-feature-calt-off text-decoration-none text-strikethrough-none\">Use o app Ring Sizer. <\/span><span class=\"OYPEnA font-feature-liga-off font-feature-clig-off font-feature-calt-off text-decoration-none text-strikethrough-none\">Download the free \"Ring Sizer\" app on your phone to measure a ring you already own. Place the ring on top of the circle displayed on the screen and slide the bar until the circle aligns perfectly with the inner edges of your ring. Use the chart below to identify your size.<\/span><\/li><\/ul><ul><li class=\"translation-block\">Use a ruler to measure the internal diameter of a ring you already own. Position the ruler exactly across the centre of the ring and measure the precise distance from one inner edge to the other, excluding the outer edges. Only the internal diameter should be measured (see the example below). Use the chart below to find your size.<\/li><\/ul>\t\t\t\t\t\t\t\t<\/div>\n\t\t\t\t<\/div>\n\t\t\t\t<div class=\"elementor-element elementor-element-5e834f1 elementor-widget elementor-widget-image\" data-id=\"5e834f1\" data-element_type=\"widget\" data-widget_type=\"image.default\">\n\t\t\t\t<div class=\"elementor-widget-container\">\n\t\t\t\t\t\t\t\t\t\t\t\t\t\t\t<img decoding=\"async\" src=\"https:\/\/atelierleilarazel.com\/wp-content\/uploads\/elementor\/thumbs\/IMG_3991-r2sz8oiyfjurf10cc2f06v7p25xp9welz9j69y36m8.jpg\" title=\"IMG_3991\" alt=\"IMG_3991\" loading=\"lazy\" \/>\t\t\t\t\t\t\t\t\t\t\t\t\t\t\t<\/div>\n\t\t\t\t<\/div>\n\t\t\t\t<div class=\"elementor-element elementor-element-54bc197 elementor-widget elementor-widget-text-editor\" data-id=\"54bc197\" data-element_type=\"widget\" data-widget_type=\"text-editor.default\">\n\t\t\t\t<div class=\"elementor-widget-container\">\n\t\t\t\t\t\t\t\t\t<p class=\"cvGsUA direction-ltr align-justify para-style-body\"><span class=\"OYPEnA font-feature-liga-off font-feature-clig-off font-feature-calt-off text-decoration-none text-strikethrough-none\">please note<\/span><span class=\"OYPEnA font-feature-liga-off font-feature-clig-off font-feature-calt-off text-decoration-none text-strikethrough-none\">!<\/span><\/p><ul><li><span class=\"OYPEnA font-feature-liga-off font-feature-clig-off font-feature-calt-off text-decoration-none text-strikethrough-none\">The width of the ring can affect the measurement. It\u2019s important to measure a ring with a similar width to the one you want to buy to ensure the size will be correct (for example, if you\u2019re buying a thick ring, measure with a ring that is also thick).<\/span><\/li><li class=\"translation-block\">If you have any questions about these measurements, send me a message. I\u2019m here to help you find the perfect size for your ring.<\/li><\/ul><ul><li><span class=\"OYPEnA font-feature-liga-off font-feature-clig-off font-feature-calt-off text-decoration-none text-strikethrough-none\">Measurements taken with paper, string, etc., are not accurate enough, in my opinion.<\/span><\/li><\/ul><ul><li><span class=\"OYPEnA font-feature-liga-off font-feature-clig-off font-feature-calt-off text-decoration-none text-strikethrough-none\">Choosing a ring size is personal. Some people prefer tighter rings, while others prefer looser ones. It just shouldn\u2019t be so tight that it\u2019s uncomfortable or so loose that it might fall off.<\/span><\/li><\/ul>\t\t\t\t\t\t\t\t<\/div>\n\t\t\t\t<\/div>\n\t\t\t\t<div class=\"elementor-element elementor-element-c924911 elementor-widget elementor-widget-image\" data-id=\"c924911\" data-element_type=\"widget\" data-widget_type=\"image.default\">\n\t\t\t\t<div class=\"elementor-widget-container\">\n\t\t\t\t\t\t\t\t\t\t\t\t\t\t\t<img fetchpriority=\"high\" decoding=\"async\" width=\"1516\" height=\"1172\" src=\"https:\/\/atelierleilarazel.com\/wp-content\/uploads\/2025\/03\/IMG_3990.jpg\" class=\"attachment-full size-full wp-image-813\" alt=\"\" srcset=\"https:\/\/atelierleilarazel.com\/wp-content\/uploads\/2025\/03\/IMG_3990.jpg 1516w, https:\/\/atelierleilarazel.com\/wp-content\/uploads\/2025\/03\/IMG_3990-300x232.jpg 300w, https:\/\/atelierleilarazel.com\/wp-content\/uploads\/2025\/03\/IMG_3990-1024x792.jpg 1024w, https:\/\/atelierleilarazel.com\/wp-content\/uploads\/2025\/03\/IMG_3990-768x594.jpg 768w, https:\/\/atelierleilarazel.com\/wp-content\/uploads\/2025\/03\/IMG_3990-16x12.jpg 16w, https:\/\/atelierleilarazel.com\/wp-content\/uploads\/2025\/03\/IMG_3990-600x464.jpg 600w\" sizes=\"(max-width: 1516px) 100vw, 1516px\" \/>\t\t\t\t\t\t\t\t\t\t\t\t\t\t\t<\/div>\n\t\t\t\t<\/div>\n\t\t\t\t\t<\/div>\n\t\t<\/div>\n\t\t\t\t\t<\/div>\n\t\t<\/section>\n\t\t\t\t\t<\/div>\n\t\t<\/div>\n\t\t\t\t\t<\/div>\n\t\t<\/section>\n\t\t\t\t<\/div>","protected":false},"excerpt":{"rendered":"<p>Como medir o tamanho do seu anel Aqui est\u00e3o as \u00fanicas maneiras que eu considero confi\u00e1veis para voc\u00ea encontrar o tamanho do seu anel. Essa medida \u00e9 importante para garantir que seu novo anel sirva perfeitamente em voc\u00ea. Lembre-se de medir com precis\u00e3o: aqui, todo mil\u00edmetro importa! V\u00e1 at\u00e9 uma joalheria da sua cidade, e [&hellip;]<\/p>","protected":false},"author":1,"featured_media":0,"parent":0,"menu_order":0,"comment_status":"closed","ping_status":"closed","template":"elementor_header_footer","meta":{"_monsterinsights_skip_tracking":false,"_monsterinsights_sitenote_active":false,"_monsterinsights_sitenote_note":"","_monsterinsights_sitenote_category":0,"footnotes":""},"class_list":["post-670","page","type-page","status-publish","hentry"],"_links":{"self":[{"href":"https:\/\/atelierleilarazel.com\/en\/wp-json\/wp\/v2\/pages\/670","targetHints":{"allow":["GET"]}}],"collection":[{"href":"https:\/\/atelierleilarazel.com\/en\/wp-json\/wp\/v2\/pages"}],"about":[{"href":"https:\/\/atelierleilarazel.com\/en\/wp-json\/wp\/v2\/types\/page"}],"author":[{"embeddable":true,"href":"https:\/\/atelierleilarazel.com\/en\/wp-json\/wp\/v2\/users\/1"}],"replies":[{"embeddable":true,"href":"https:\/\/atelierleilarazel.com\/en\/wp-json\/wp\/v2\/comments?post=670"}],"version-history":[{"count":10,"href":"https:\/\/atelierleilarazel.com\/en\/wp-json\/wp\/v2\/pages\/670\/revisions"}],"predecessor-version":[{"id":831,"href":"https:\/\/atelierleilarazel.com\/en\/wp-json\/wp\/v2\/pages\/670\/revisions\/831"}],"wp:attachment":[{"href":"https:\/\/atelierleilarazel.com\/en\/wp-json\/wp\/v2\/media?parent=670"}],"curies":[{"name":"wp","href":"https:\/\/api.w.org\/{rel}","templated":true}]}}