{"id":658,"date":"2025-02-21T22:14:12","date_gmt":"2025-02-21T22:14:12","guid":{"rendered":"https:\/\/atelierleilarazel.com\/?page_id=658"},"modified":"2026-03-03T18:11:48","modified_gmt":"2026-03-03T18:11:48","slug":"aliancas-e-aneis-de-noivado","status":"publish","type":"page","link":"https:\/\/atelierleilarazel.com\/en\/aliancas-e-aneis-de-noivado\/","title":{"rendered":"Wedding bands and engagement rings"},"content":{"rendered":"<div data-elementor-type=\"wp-page\" data-elementor-id=\"658\" class=\"elementor elementor-658\" data-elementor-post-type=\"page\">\n\t\t\t\t\t\t<section class=\"elementor-section elementor-top-section elementor-element elementor-element-fc2902d elementor-section-boxed elementor-section-height-default elementor-section-height-default\" data-id=\"fc2902d\" data-element_type=\"section\">\n\t\t\t\t\t\t<div class=\"elementor-container elementor-column-gap-default\">\n\t\t\t\t\t<div class=\"elementor-column elementor-col-100 elementor-top-column elementor-element elementor-element-1a45b15\" data-id=\"1a45b15\" data-element_type=\"column\">\n\t\t\t<div class=\"elementor-widget-wrap elementor-element-populated\">\n\t\t\t\t\t\t<div class=\"elementor-element elementor-element-e2aa396 elementor-widget elementor-widget-heading\" data-id=\"e2aa396\" data-element_type=\"widget\" data-widget_type=\"heading.default\">\n\t\t\t\t<div class=\"elementor-widget-container\">\n\t\t\t\t\t<h2 class=\"elementor-heading-title elementor-size-default\">Wedding bands and engagement rings<\/h2>\t\t\t\t<\/div>\n\t\t\t\t<\/div>\n\t\t\t\t<div class=\"elementor-element elementor-element-8333cde elementor-widget elementor-widget-html\" data-id=\"8333cde\" data-element_type=\"widget\" data-widget_type=\"html.default\">\n\t\t\t\t<div class=\"elementor-widget-container\">\n\t\t\t\t\t<!-- Google tag (gtag.js) -->\n<script async src=\"https:\/\/www.googletagmanager.com\/gtag\/js?id=AW-17974636157\"><\/script>\n<script>\n  window.dataLayer = window.dataLayer || [];\n  function gtag(){dataLayer.push(arguments);}\n  gtag('js', new Date());\n\n  gtag('config', 'AW-17974636157');\n<\/script>\t\t\t\t<\/div>\n\t\t\t\t<\/div>\n\t\t\t\t\t<\/div>\n\t\t<\/div>\n\t\t\t\t\t<\/div>\n\t\t<\/section>\n\t\t\t\t<section class=\"elementor-section elementor-top-section elementor-element elementor-element-bc92821 elementor-section-boxed elementor-section-height-default elementor-section-height-default\" data-id=\"bc92821\" data-element_type=\"section\" data-settings=\"{&quot;background_background&quot;:&quot;slideshow&quot;,&quot;background_slideshow_gallery&quot;:[{&quot;id&quot;:1206,&quot;url&quot;:&quot;https:\\\/\\\/atelierleilarazel.com\\\/wp-content\\\/uploads\\\/2025\\\/06\\\/JOIAS_ATELIER-LEILA-RAZEL-04.2024-110-de-249-scaled.jpg&quot;}],&quot;background_slideshow_loop&quot;:&quot;yes&quot;,&quot;background_slideshow_slide_duration&quot;:5000,&quot;background_slideshow_slide_transition&quot;:&quot;fade&quot;,&quot;background_slideshow_transition_duration&quot;:500}\">\n\t\t\t\t\t\t<div class=\"elementor-container elementor-column-gap-default\">\n\t\t\t\t\t<div class=\"elementor-column elementor-col-100 elementor-top-column elementor-element elementor-element-ae4c4c5\" data-id=\"ae4c4c5\" data-element_type=\"column\">\n\t\t\t<div class=\"elementor-widget-wrap\">\n\t\t\t\t\t\t\t<\/div>\n\t\t<\/div>\n\t\t\t\t\t<\/div>\n\t\t<\/section>\n\t\t\t\t<section class=\"elementor-section elementor-top-section elementor-element elementor-element-108b76a elementor-section-boxed elementor-section-height-default elementor-section-height-default\" data-id=\"108b76a\" data-element_type=\"section\">\n\t\t\t\t\t\t<div class=\"elementor-container elementor-column-gap-default\">\n\t\t\t\t\t<div class=\"elementor-column elementor-col-100 elementor-top-column elementor-element elementor-element-c7de9e0\" data-id=\"c7de9e0\" data-element_type=\"column\">\n\t\t\t<div class=\"elementor-widget-wrap elementor-element-populated\">\n\t\t\t\t\t\t<section class=\"elementor-section elementor-inner-section elementor-element elementor-element-a7d7cfc elementor-section-boxed elementor-section-height-default elementor-section-height-default\" data-id=\"a7d7cfc\" data-element_type=\"section\">\n\t\t\t\t\t\t<div class=\"elementor-container elementor-column-gap-default\">\n\t\t\t\t\t<div class=\"elementor-column elementor-col-100 elementor-inner-column elementor-element elementor-element-1dccb24\" data-id=\"1dccb24\" data-element_type=\"column\">\n\t\t\t<div class=\"elementor-widget-wrap elementor-element-populated\">\n\t\t\t\t\t\t<div class=\"elementor-element elementor-element-b2bfd44 elementor-widget elementor-widget-text-editor\" data-id=\"b2bfd44\" data-element_type=\"widget\" data-widget_type=\"text-editor.default\">\n\t\t\t\t<div class=\"elementor-widget-container\">\n\t\t\t\t\t\t\t\t\t<p>Modelos desenvolvidos com designs originais, pedras coloridas e detalhes em grava\u00e7\u00e3o manual. Os aneis s\u00e3o categorizados como alian\u00e7as e aneis de noivado, mas podem ser escolhidos para simbolizar qualquer momento precioso!<\/p><p>Todas as joias abaixo s\u00e3o personaliz\u00e1veis sob demanda: \u00e9 poss\u00edvel adaptar o formato, cor e tipo das pedras, a espessura e textura do aro, etc.\u00a0<\/p><p>Escolho n\u00e3o trabalhar com diamantes, a n\u00e3o ser que a pedra seja fornecida pelos clientes e tenha uma hist\u00f3ria.\u00a0<\/p><p>O prazo de produ\u00e7\u00e3o \u00e9 de aproximadamente 1 m\u00eas a partir do momento em que o pedido \u00e9 confirmado.<\/p>\t\t\t\t\t\t\t\t<\/div>\n\t\t\t\t<\/div>\n\t\t\t\t<div class=\"elementor-element elementor-element-85da87f elementor-product-loop-item--align-center elementor-grid-tablet-3 elementor-grid-4 elementor-grid-mobile-2 elementor-products-grid elementor-wc-products elementor-widget elementor-widget-woocommerce-products\" data-id=\"85da87f\" data-element_type=\"widget\" data-widget_type=\"woocommerce-products.default\">\n\t\t\t\t<div class=\"elementor-widget-container\">\n\t\t\t\t\t<div class=\"woocommerce columns-4\"><ul class=\"products elementor-grid columns-4\">\n<li class=\"product type-product post-1194 status-publish first outofstock product_cat-aneis-de-noivado-e-aliancas has-post-thumbnail shipping-taxable product-type-simple\">\n\t<a href=\"https:\/\/atelierleilarazel.com\/en\/product\/anel-voyage-2\/\" class=\"woocommerce-LoopProduct-link woocommerce-loop-product__link\"><img fetchpriority=\"high\" decoding=\"async\" width=\"300\" height=\"300\" src=\"https:\/\/atelierleilarazel.com\/wp-content\/uploads\/2025\/03\/DSC_2964-e1742578317984-300x300.jpg\" class=\"attachment-woocommerce_thumbnail size-woocommerce_thumbnail\" alt=\"Anel Voyage\" srcset=\"https:\/\/atelierleilarazel.com\/wp-content\/uploads\/2025\/03\/DSC_2964-e1742578317984-300x300.jpg 300w, https:\/\/atelierleilarazel.com\/wp-content\/uploads\/2025\/03\/DSC_2964-e1742578317984-150x150.jpg 150w, https:\/\/atelierleilarazel.com\/wp-content\/uploads\/2025\/03\/DSC_2964-e1742578317984-100x100.jpg 100w\" sizes=\"(max-width: 300px) 100vw, 300px\" \/><h2 class=\"woocommerce-loop-product__title\">Ring Voyage<\/h2>\n<\/a><a href=\"https:\/\/atelierleilarazel.com\/en\/product\/anel-voyage-2\/\" aria-describedby=\"woocommerce_loop_add_to_cart_link_describedby_1194\" data-quantity=\"1\" class=\"button product_type_simple\" data-product_id=\"1194\" data-product_sku=\"\" aria-label=\"Read more about \u201cAnel Voyage\u201d\" rel=\"nofollow\" data-success_message=\"\" data-no-translation=\"\" data-trp-gettext=\"\" data-no-translation-aria-label=\"\">Read more<\/a>\t<span id=\"woocommerce_loop_add_to_cart_link_describedby_1194\" class=\"screen-reader-text\">\n\t\t\t<\/span>\n<\/li>\n<li class=\"product type-product post-1188 status-publish outofstock product_cat-aneis-de-noivado-e-aliancas has-post-thumbnail shipping-taxable product-type-simple\">\n\t<a href=\"https:\/\/atelierleilarazel.com\/en\/product\/anel-vague\/\" class=\"woocommerce-LoopProduct-link woocommerce-loop-product__link\"><img decoding=\"async\" width=\"300\" height=\"300\" src=\"https:\/\/atelierleilarazel.com\/wp-content\/uploads\/2025\/06\/Capa-anel-vague-300x300.jpg\" class=\"attachment-woocommerce_thumbnail size-woocommerce_thumbnail\" alt=\"Anel Vague\" srcset=\"https:\/\/atelierleilarazel.com\/wp-content\/uploads\/2025\/06\/Capa-anel-vague-300x300.jpg 300w, https:\/\/atelierleilarazel.com\/wp-content\/uploads\/2025\/06\/Capa-anel-vague-150x150.jpg 150w, https:\/\/atelierleilarazel.com\/wp-content\/uploads\/2025\/06\/Capa-anel-vague-100x100.jpg 100w\" sizes=\"(max-width: 300px) 100vw, 300px\" \/><h2 class=\"woocommerce-loop-product__title\">Anel Vague<\/h2>\n<\/a><a href=\"https:\/\/atelierleilarazel.com\/en\/product\/anel-vague\/\" aria-describedby=\"woocommerce_loop_add_to_cart_link_describedby_1188\" data-quantity=\"1\" class=\"button product_type_simple\" data-product_id=\"1188\" data-product_sku=\"\" aria-label=\"Read more about \u201cAnel Vague\u201d\" rel=\"nofollow\" data-success_message=\"\" data-no-translation=\"\" data-trp-gettext=\"\" data-no-translation-aria-label=\"\">Read more<\/a>\t<span id=\"woocommerce_loop_add_to_cart_link_describedby_1188\" class=\"screen-reader-text\">\n\t\t\t<\/span>\n<\/li>\n<li class=\"product type-product post-1182 status-publish outofstock product_cat-aneis-de-noivado-e-aliancas has-post-thumbnail shipping-taxable product-type-simple\">\n\t<a href=\"https:\/\/atelierleilarazel.com\/en\/product\/anel-toi-et-moi\/\" class=\"woocommerce-LoopProduct-link woocommerce-loop-product__link\"><img decoding=\"async\" width=\"300\" height=\"300\" src=\"https:\/\/atelierleilarazel.com\/wp-content\/uploads\/2025\/06\/Capa-anel-toi-et-moi-300x300.jpg\" class=\"attachment-woocommerce_thumbnail size-woocommerce_thumbnail\" alt=\"Anel Toi et Moi\" srcset=\"https:\/\/atelierleilarazel.com\/wp-content\/uploads\/2025\/06\/Capa-anel-toi-et-moi-300x300.jpg 300w, https:\/\/atelierleilarazel.com\/wp-content\/uploads\/2025\/06\/Capa-anel-toi-et-moi-150x150.jpg 150w, https:\/\/atelierleilarazel.com\/wp-content\/uploads\/2025\/06\/Capa-anel-toi-et-moi-100x100.jpg 100w\" sizes=\"(max-width: 300px) 100vw, 300px\" \/><h2 class=\"woocommerce-loop-product__title\">Anel Toi et Moi<\/h2>\n<\/a><a href=\"https:\/\/atelierleilarazel.com\/en\/product\/anel-toi-et-moi\/\" aria-describedby=\"woocommerce_loop_add_to_cart_link_describedby_1182\" data-quantity=\"1\" class=\"button product_type_simple\" data-product_id=\"1182\" data-product_sku=\"\" aria-label=\"Read more about \u201cAnel Toi et Moi\u201d\" rel=\"nofollow\" data-success_message=\"\" data-no-translation=\"\" data-trp-gettext=\"\" data-no-translation-aria-label=\"\">Read more<\/a>\t<span id=\"woocommerce_loop_add_to_cart_link_describedby_1182\" class=\"screen-reader-text\">\n\t\t\t<\/span>\n<\/li>\n<li class=\"product type-product post-1176 status-publish last outofstock product_cat-aneis-de-noivado-e-aliancas has-post-thumbnail shipping-taxable product-type-simple\">\n\t<a href=\"https:\/\/atelierleilarazel.com\/en\/product\/anel-riviere\/\" class=\"woocommerce-LoopProduct-link woocommerce-loop-product__link\"><img loading=\"lazy\" decoding=\"async\" width=\"300\" height=\"300\" src=\"https:\/\/atelierleilarazel.com\/wp-content\/uploads\/2025\/06\/Capa-anel-riviere-300x300.jpg\" class=\"attachment-woocommerce_thumbnail size-woocommerce_thumbnail\" alt=\"Anel Rivi\u00e8re\" srcset=\"https:\/\/atelierleilarazel.com\/wp-content\/uploads\/2025\/06\/Capa-anel-riviere-300x300.jpg 300w, https:\/\/atelierleilarazel.com\/wp-content\/uploads\/2025\/06\/Capa-anel-riviere-150x150.jpg 150w, https:\/\/atelierleilarazel.com\/wp-content\/uploads\/2025\/06\/Capa-anel-riviere-100x100.jpg 100w\" sizes=\"(max-width: 300px) 100vw, 300px\" \/><h2 class=\"woocommerce-loop-product__title\">Anel Rivi\u00e8re<\/h2>\n<\/a><a href=\"https:\/\/atelierleilarazel.com\/en\/product\/anel-riviere\/\" aria-describedby=\"woocommerce_loop_add_to_cart_link_describedby_1176\" data-quantity=\"1\" class=\"button product_type_simple\" data-product_id=\"1176\" data-product_sku=\"\" aria-label=\"Read more about \u201cAnel Rivi\u00e8re\u201d\" rel=\"nofollow\" data-success_message=\"\" data-no-translation=\"\" data-trp-gettext=\"\" data-no-translation-aria-label=\"\">Read more<\/a>\t<span id=\"woocommerce_loop_add_to_cart_link_describedby_1176\" class=\"screen-reader-text\">\n\t\t\t<\/span>\n<\/li>\n<li class=\"product type-product post-1170 status-publish first outofstock product_cat-aneis-de-noivado-e-aliancas has-post-thumbnail shipping-taxable product-type-simple\">\n\t<a href=\"https:\/\/atelierleilarazel.com\/en\/product\/anel-lumiere\/\" class=\"woocommerce-LoopProduct-link woocommerce-loop-product__link\"><img loading=\"lazy\" decoding=\"async\" width=\"300\" height=\"300\" src=\"https:\/\/atelierleilarazel.com\/wp-content\/uploads\/2025\/06\/Capa-anel-lumiere-scaled-300x300.jpg\" class=\"attachment-woocommerce_thumbnail size-woocommerce_thumbnail\" alt=\"Anel Lumi\u00e8re\" srcset=\"https:\/\/atelierleilarazel.com\/wp-content\/uploads\/2025\/06\/Capa-anel-lumiere-scaled-300x300.jpg 300w, https:\/\/atelierleilarazel.com\/wp-content\/uploads\/2025\/06\/Capa-anel-lumiere-150x150.jpg 150w\" sizes=\"(max-width: 300px) 100vw, 300px\" \/><h2 class=\"woocommerce-loop-product__title\">Anel Lumi\u00e8re<\/h2>\n<\/a><a href=\"https:\/\/atelierleilarazel.com\/en\/product\/anel-lumiere\/\" aria-describedby=\"woocommerce_loop_add_to_cart_link_describedby_1170\" data-quantity=\"1\" class=\"button product_type_simple\" data-product_id=\"1170\" data-product_sku=\"\" aria-label=\"Read more about \u201cAnel Lumi\u00e8re\u201d\" rel=\"nofollow\" data-success_message=\"\" data-no-translation=\"\" data-trp-gettext=\"\" data-no-translation-aria-label=\"\">Read more<\/a>\t<span id=\"woocommerce_loop_add_to_cart_link_describedby_1170\" class=\"screen-reader-text\">\n\t\t\t<\/span>\n<\/li>\n<li class=\"product type-product post-1146 status-publish outofstock product_cat-aneis-de-noivado-e-aliancas has-post-thumbnail shipping-taxable product-type-simple\">\n\t<a href=\"https:\/\/atelierleilarazel.com\/en\/product\/anel-degrade\/\" class=\"woocommerce-LoopProduct-link woocommerce-loop-product__link\"><img loading=\"lazy\" decoding=\"async\" width=\"300\" height=\"300\" src=\"https:\/\/atelierleilarazel.com\/wp-content\/uploads\/2025\/06\/Capa-anel-degrade-300x300.jpg\" class=\"attachment-woocommerce_thumbnail size-woocommerce_thumbnail\" alt=\"Anel Degrad\u00ea\" srcset=\"https:\/\/atelierleilarazel.com\/wp-content\/uploads\/2025\/06\/Capa-anel-degrade-300x300.jpg 300w, https:\/\/atelierleilarazel.com\/wp-content\/uploads\/2025\/06\/Capa-anel-degrade-150x150.jpg 150w, https:\/\/atelierleilarazel.com\/wp-content\/uploads\/2025\/06\/Capa-anel-degrade-100x100.jpg 100w\" sizes=\"(max-width: 300px) 100vw, 300px\" \/><h2 class=\"woocommerce-loop-product__title\">Anel Degrad\u00ea<\/h2>\n<\/a><a href=\"https:\/\/atelierleilarazel.com\/en\/product\/anel-degrade\/\" aria-describedby=\"woocommerce_loop_add_to_cart_link_describedby_1146\" data-quantity=\"1\" class=\"button product_type_simple\" data-product_id=\"1146\" data-product_sku=\"\" aria-label=\"Read more about \u201cAnel Degrad\u00ea\u201d\" rel=\"nofollow\" data-success_message=\"\" data-no-translation=\"\" data-trp-gettext=\"\" data-no-translation-aria-label=\"\">Read more<\/a>\t<span id=\"woocommerce_loop_add_to_cart_link_describedby_1146\" class=\"screen-reader-text\">\n\t\t\t<\/span>\n<\/li>\n<li class=\"product type-product post-1126 status-publish outofstock product_cat-aneis-de-noivado-e-aliancas has-post-thumbnail shipping-taxable product-type-simple\">\n\t<a href=\"https:\/\/atelierleilarazel.com\/en\/product\/anel-balade-2\/\" class=\"woocommerce-LoopProduct-link woocommerce-loop-product__link\"><img loading=\"lazy\" decoding=\"async\" width=\"300\" height=\"300\" src=\"https:\/\/atelierleilarazel.com\/wp-content\/uploads\/2025\/06\/Capa-Anel-balade-300x300.jpg\" class=\"attachment-woocommerce_thumbnail size-woocommerce_thumbnail\" alt=\"Anel Balade\" srcset=\"https:\/\/atelierleilarazel.com\/wp-content\/uploads\/2025\/06\/Capa-Anel-balade-300x300.jpg 300w, https:\/\/atelierleilarazel.com\/wp-content\/uploads\/2025\/06\/Capa-Anel-balade-150x150.jpg 150w, https:\/\/atelierleilarazel.com\/wp-content\/uploads\/2025\/06\/Capa-Anel-balade-100x100.jpg 100w\" sizes=\"(max-width: 300px) 100vw, 300px\" \/><h2 class=\"woocommerce-loop-product__title\">Ring Balade<\/h2>\n<\/a><a href=\"https:\/\/atelierleilarazel.com\/en\/product\/anel-balade-2\/\" aria-describedby=\"woocommerce_loop_add_to_cart_link_describedby_1126\" data-quantity=\"1\" class=\"button product_type_simple\" data-product_id=\"1126\" data-product_sku=\"\" aria-label=\"Read more about \u201cAnel Balade\u201d\" rel=\"nofollow\" data-success_message=\"\" data-no-translation=\"\" data-trp-gettext=\"\" data-no-translation-aria-label=\"\">Read more<\/a>\t<span id=\"woocommerce_loop_add_to_cart_link_describedby_1126\" class=\"screen-reader-text\">\n\t\t\t<\/span>\n<\/li>\n<li class=\"product type-product post-1164 status-publish last outofstock product_cat-aneis-de-noivado-e-aliancas has-post-thumbnail shipping-taxable product-type-simple\">\n\t<a href=\"https:\/\/atelierleilarazel.com\/en\/product\/anel-flamme\/\" class=\"woocommerce-LoopProduct-link woocommerce-loop-product__link\"><img loading=\"lazy\" decoding=\"async\" width=\"300\" height=\"300\" src=\"https:\/\/atelierleilarazel.com\/wp-content\/uploads\/2025\/06\/CAPA-anel-flamme-300x300.jpg\" class=\"attachment-woocommerce_thumbnail size-woocommerce_thumbnail\" alt=\"Anel Flamme\" srcset=\"https:\/\/atelierleilarazel.com\/wp-content\/uploads\/2025\/06\/CAPA-anel-flamme-300x300.jpg 300w, https:\/\/atelierleilarazel.com\/wp-content\/uploads\/2025\/06\/CAPA-anel-flamme-150x150.jpg 150w, https:\/\/atelierleilarazel.com\/wp-content\/uploads\/2025\/06\/CAPA-anel-flamme-100x100.jpg 100w\" sizes=\"(max-width: 300px) 100vw, 300px\" \/><h2 class=\"woocommerce-loop-product__title\">Anel Flamme<\/h2>\n<\/a><a href=\"https:\/\/atelierleilarazel.com\/en\/product\/anel-flamme\/\" aria-describedby=\"woocommerce_loop_add_to_cart_link_describedby_1164\" data-quantity=\"1\" class=\"button product_type_simple\" data-product_id=\"1164\" data-product_sku=\"\" aria-label=\"Read more about \u201cAnel Flamme\u201d\" rel=\"nofollow\" data-success_message=\"\" data-no-translation=\"\" data-trp-gettext=\"\" data-no-translation-aria-label=\"\">Read more<\/a>\t<span id=\"woocommerce_loop_add_to_cart_link_describedby_1164\" class=\"screen-reader-text\">\n\t\t\t<\/span>\n<\/li>\n<li class=\"product type-product post-1158 status-publish first outofstock product_cat-aneis-de-noivado-e-aliancas has-post-thumbnail shipping-taxable product-type-simple\">\n\t<a href=\"https:\/\/atelierleilarazel.com\/en\/product\/anel-etoile\/\" class=\"woocommerce-LoopProduct-link woocommerce-loop-product__link\"><img loading=\"lazy\" decoding=\"async\" width=\"300\" height=\"300\" src=\"https:\/\/atelierleilarazel.com\/wp-content\/uploads\/2025\/06\/Capa-anel-etoile-300x300.jpg\" class=\"attachment-woocommerce_thumbnail size-woocommerce_thumbnail\" alt=\"Anel \u00c9toile\" srcset=\"https:\/\/atelierleilarazel.com\/wp-content\/uploads\/2025\/06\/Capa-anel-etoile-300x300.jpg 300w, https:\/\/atelierleilarazel.com\/wp-content\/uploads\/2025\/06\/Capa-anel-etoile-150x150.jpg 150w, https:\/\/atelierleilarazel.com\/wp-content\/uploads\/2025\/06\/Capa-anel-etoile-100x100.jpg 100w\" sizes=\"(max-width: 300px) 100vw, 300px\" \/><h2 class=\"woocommerce-loop-product__title\">Anel \u00c9toile<\/h2>\n<\/a><a href=\"https:\/\/atelierleilarazel.com\/en\/product\/anel-etoile\/\" aria-describedby=\"woocommerce_loop_add_to_cart_link_describedby_1158\" data-quantity=\"1\" class=\"button product_type_simple\" data-product_id=\"1158\" data-product_sku=\"\" aria-label=\"Read more about \u201cAnel \u00c9toile\u201d\" rel=\"nofollow\" data-success_message=\"\" data-no-translation=\"\" data-trp-gettext=\"\" data-no-translation-aria-label=\"\">Read more<\/a>\t<span id=\"woocommerce_loop_add_to_cart_link_describedby_1158\" class=\"screen-reader-text\">\n\t\t\t<\/span>\n<\/li>\n<li class=\"product type-product post-1152 status-publish outofstock product_cat-aneis-de-noivado-e-aliancas has-post-thumbnail shipping-taxable product-type-simple\">\n\t<a href=\"https:\/\/atelierleilarazel.com\/en\/product\/anel-eclaire\/\" class=\"woocommerce-LoopProduct-link woocommerce-loop-product__link\"><img loading=\"lazy\" decoding=\"async\" width=\"300\" height=\"300\" src=\"https:\/\/atelierleilarazel.com\/wp-content\/uploads\/2025\/06\/CAPA-anel-Eclaire-300x300.jpg\" class=\"attachment-woocommerce_thumbnail size-woocommerce_thumbnail\" alt=\"Anel \u00c9claire\" srcset=\"https:\/\/atelierleilarazel.com\/wp-content\/uploads\/2025\/06\/CAPA-anel-Eclaire-300x300.jpg 300w, https:\/\/atelierleilarazel.com\/wp-content\/uploads\/2025\/06\/CAPA-anel-Eclaire-150x150.jpg 150w, https:\/\/atelierleilarazel.com\/wp-content\/uploads\/2025\/06\/CAPA-anel-Eclaire-100x100.jpg 100w\" sizes=\"(max-width: 300px) 100vw, 300px\" \/><h2 class=\"woocommerce-loop-product__title\">Anel \u00c9claire<\/h2>\n<\/a><a href=\"https:\/\/atelierleilarazel.com\/en\/product\/anel-eclaire\/\" aria-describedby=\"woocommerce_loop_add_to_cart_link_describedby_1152\" data-quantity=\"1\" class=\"button product_type_simple\" data-product_id=\"1152\" data-product_sku=\"\" aria-label=\"Read more about \u201cAnel \u00c9claire\u201d\" rel=\"nofollow\" data-success_message=\"\" data-no-translation=\"\" data-trp-gettext=\"\" data-no-translation-aria-label=\"\">Read more<\/a>\t<span id=\"woocommerce_loop_add_to_cart_link_describedby_1152\" class=\"screen-reader-text\">\n\t\t\t<\/span>\n<\/li>\n<li class=\"product type-product post-1138 status-publish outofstock product_cat-aneis-de-noivado-e-aliancas has-post-thumbnail shipping-taxable product-type-simple\">\n\t<a href=\"https:\/\/atelierleilarazel.com\/en\/product\/anel-classique\/\" class=\"woocommerce-LoopProduct-link woocommerce-loop-product__link\"><img loading=\"lazy\" decoding=\"async\" width=\"300\" height=\"300\" src=\"https:\/\/atelierleilarazel.com\/wp-content\/uploads\/2025\/06\/Capa-anel-classique-300x300.jpg\" class=\"attachment-woocommerce_thumbnail size-woocommerce_thumbnail\" alt=\"Anel Classique - dispon\u00edvel em diferentes texturas\" srcset=\"https:\/\/atelierleilarazel.com\/wp-content\/uploads\/2025\/06\/Capa-anel-classique-300x300.jpg 300w, https:\/\/atelierleilarazel.com\/wp-content\/uploads\/2025\/06\/Capa-anel-classique-150x150.jpg 150w, https:\/\/atelierleilarazel.com\/wp-content\/uploads\/2025\/06\/Capa-anel-classique-100x100.jpg 100w\" sizes=\"(max-width: 300px) 100vw, 300px\" \/><h2 class=\"woocommerce-loop-product__title\">Anel Classique &#8211; dispon\u00edvel em diferentes texturas<\/h2>\n<\/a><a href=\"https:\/\/atelierleilarazel.com\/en\/product\/anel-classique\/\" aria-describedby=\"woocommerce_loop_add_to_cart_link_describedby_1138\" data-quantity=\"1\" class=\"button product_type_simple\" data-product_id=\"1138\" data-product_sku=\"\" aria-label=\"Read more about \u201cAnel Classique - dispon\u00edvel em diferentes texturas\u201d\" rel=\"nofollow\" data-success_message=\"\" data-no-translation=\"\" data-trp-gettext=\"\" data-no-translation-aria-label=\"\">Read more<\/a>\t<span id=\"woocommerce_loop_add_to_cart_link_describedby_1138\" class=\"screen-reader-text\">\n\t\t\t<\/span>\n<\/li>\n<li class=\"product type-product post-1131 status-publish last outofstock product_cat-aneis-de-noivado-e-aliancas has-post-thumbnail shipping-taxable product-type-simple\">\n\t<a href=\"https:\/\/atelierleilarazel.com\/en\/product\/anel-chemin-2\/\" class=\"woocommerce-LoopProduct-link woocommerce-loop-product__link\"><img loading=\"lazy\" decoding=\"async\" width=\"300\" height=\"300\" src=\"https:\/\/atelierleilarazel.com\/wp-content\/uploads\/2025\/06\/Capa-anel-chemin-300x300.jpg\" class=\"attachment-woocommerce_thumbnail size-woocommerce_thumbnail\" alt=\"Anel Chemin\" srcset=\"https:\/\/atelierleilarazel.com\/wp-content\/uploads\/2025\/06\/Capa-anel-chemin-300x300.jpg 300w, https:\/\/atelierleilarazel.com\/wp-content\/uploads\/2025\/06\/Capa-anel-chemin-150x150.jpg 150w, https:\/\/atelierleilarazel.com\/wp-content\/uploads\/2025\/06\/Capa-anel-chemin-100x100.jpg 100w\" sizes=\"(max-width: 300px) 100vw, 300px\" \/><h2 class=\"woocommerce-loop-product__title\">Ring Chemin<\/h2>\n<\/a><a href=\"https:\/\/atelierleilarazel.com\/en\/product\/anel-chemin-2\/\" aria-describedby=\"woocommerce_loop_add_to_cart_link_describedby_1131\" data-quantity=\"1\" class=\"button product_type_simple\" data-product_id=\"1131\" data-product_sku=\"\" aria-label=\"Read more about \u201cAnel Chemin\u201d\" rel=\"nofollow\" data-success_message=\"\" data-no-translation=\"\" data-trp-gettext=\"\" data-no-translation-aria-label=\"\">Read more<\/a>\t<span id=\"woocommerce_loop_add_to_cart_link_describedby_1131\" class=\"screen-reader-text\">\n\t\t\t<\/span>\n<\/li>\n<\/ul>\n<\/div>\t\t\t\t<\/div>\n\t\t\t\t<\/div>\n\t\t\t\t<div class=\"elementor-element elementor-element-ee3e8b0 elementor-align-center elementor-mobile-align-center elementor-widget elementor-widget-button\" data-id=\"ee3e8b0\" data-element_type=\"widget\" data-widget_type=\"button.default\">\n\t\t\t\t<div class=\"elementor-widget-container\">\n\t\t\t\t\t\t\t\t\t<div class=\"elementor-button-wrapper\">\n\t\t\t\t\t<a class=\"elementor-button elementor-button-link elementor-size-sm\" href=\"https:\/\/api.whatsapp.com\/send?phone=14998279239\" target=\"_blank\">\n\t\t\t\t\t\t<span class=\"elementor-button-content-wrapper\">\n\t\t\t\t\t\t\t\t\t<span class=\"elementor-button-text\">Whatsapp<\/span>\n\t\t\t\t\t<\/span>\n\t\t\t\t\t<\/a>\n\t\t\t\t<\/div>\n\t\t\t\t\t\t\t\t<\/div>\n\t\t\t\t<\/div>\n\t\t\t\t\t<\/div>\n\t\t<\/div>\n\t\t\t\t\t<\/div>\n\t\t<\/section>\n\t\t\t\t\t<\/div>\n\t\t<\/div>\n\t\t\t\t\t<\/div>\n\t\t<\/section>\n\t\t\t\t<\/div>","protected":false},"excerpt":{"rendered":"<p>Alian\u00e7as e aneis de noivado Modelos desenvolvidos com designs originais, pedras coloridas e detalhes em grava\u00e7\u00e3o manual. Os aneis s\u00e3o categorizados como alian\u00e7as e aneis de noivado, mas podem ser escolhidos para simbolizar qualquer momento precioso! Todas as joias abaixo s\u00e3o personaliz\u00e1veis sob demanda: \u00e9 poss\u00edvel adaptar o formato, cor e tipo das pedras, a [&hellip;]<\/p>","protected":false},"author":1,"featured_media":0,"parent":0,"menu_order":0,"comment_status":"closed","ping_status":"closed","template":"elementor_header_footer","meta":{"_monsterinsights_skip_tracking":false,"_monsterinsights_sitenote_active":false,"_monsterinsights_sitenote_note":"","_monsterinsights_sitenote_category":0,"footnotes":""},"class_list":["post-658","page","type-page","status-publish","hentry"],"_links":{"self":[{"href":"https:\/\/atelierleilarazel.com\/en\/wp-json\/wp\/v2\/pages\/658","targetHints":{"allow":["GET"]}}],"collection":[{"href":"https:\/\/atelierleilarazel.com\/en\/wp-json\/wp\/v2\/pages"}],"about":[{"href":"https:\/\/atelierleilarazel.com\/en\/wp-json\/wp\/v2\/types\/page"}],"author":[{"embeddable":true,"href":"https:\/\/atelierleilarazel.com\/en\/wp-json\/wp\/v2\/users\/1"}],"replies":[{"embeddable":true,"href":"https:\/\/atelierleilarazel.com\/en\/wp-json\/wp\/v2\/comments?post=658"}],"version-history":[{"count":52,"href":"https:\/\/atelierleilarazel.com\/en\/wp-json\/wp\/v2\/pages\/658\/revisions"}],"predecessor-version":[{"id":1246,"href":"https:\/\/atelierleilarazel.com\/en\/wp-json\/wp\/v2\/pages\/658\/revisions\/1246"}],"wp:attachment":[{"href":"https:\/\/atelierleilarazel.com\/en\/wp-json\/wp\/v2\/media?parent=658"}],"curies":[{"name":"wp","href":"https:\/\/api.w.org\/{rel}","templated":true}]}}