{"id":595,"date":"2025-02-19T18:07:57","date_gmt":"2025-02-19T18:07:57","guid":{"rendered":"https:\/\/atelierleilarazel.com\/?page_id=595"},"modified":"2025-03-21T18:52:44","modified_gmt":"2025-03-21T18:52:44","slug":"sustentabilidade","status":"publish","type":"page","link":"https:\/\/atelierleilarazel.com\/en\/sustentabilidade\/","title":{"rendered":"Sustainability"},"content":{"rendered":"<div data-elementor-type=\"wp-page\" data-elementor-id=\"595\" class=\"elementor elementor-595\" data-elementor-post-type=\"page\">\n\t\t\t\t\t\t<section class=\"elementor-section elementor-top-section elementor-element elementor-element-fc2902d elementor-section-boxed elementor-section-height-default elementor-section-height-default\" data-id=\"fc2902d\" data-element_type=\"section\">\n\t\t\t\t\t\t<div class=\"elementor-container elementor-column-gap-default\">\n\t\t\t\t\t<div class=\"elementor-column elementor-col-100 elementor-top-column elementor-element elementor-element-1a45b15\" data-id=\"1a45b15\" data-element_type=\"column\">\n\t\t\t<div class=\"elementor-widget-wrap elementor-element-populated\">\n\t\t\t\t\t\t<div class=\"elementor-element elementor-element-e2aa396 elementor-widget elementor-widget-heading\" data-id=\"e2aa396\" data-element_type=\"widget\" data-widget_type=\"heading.default\">\n\t\t\t\t<div class=\"elementor-widget-container\">\n\t\t\t\t\t<h2 class=\"elementor-heading-title elementor-size-default\">Sustainability<\/h2>\t\t\t\t<\/div>\n\t\t\t\t<\/div>\n\t\t\t\t\t<\/div>\n\t\t<\/div>\n\t\t\t\t\t<\/div>\n\t\t<\/section>\n\t\t\t\t<section class=\"elementor-section elementor-top-section elementor-element elementor-element-3069bb6 elementor-section-boxed elementor-section-height-default elementor-section-height-default\" data-id=\"3069bb6\" data-element_type=\"section\" data-settings=\"{&quot;background_background&quot;:&quot;slideshow&quot;,&quot;background_slideshow_gallery&quot;:[{&quot;id&quot;:597,&quot;url&quot;:&quot;https:\\\/\\\/atelierleilarazel.com\\\/wp-content\\\/uploads\\\/2025\\\/02\\\/Pg-4-sustentabilidade-scaled.jpg&quot;}],&quot;background_slideshow_loop&quot;:&quot;yes&quot;,&quot;background_slideshow_slide_duration&quot;:5000,&quot;background_slideshow_slide_transition&quot;:&quot;fade&quot;,&quot;background_slideshow_transition_duration&quot;:500}\">\n\t\t\t\t\t\t<div class=\"elementor-container elementor-column-gap-default\">\n\t\t\t\t\t<div class=\"elementor-column elementor-col-100 elementor-top-column elementor-element elementor-element-ca57727\" data-id=\"ca57727\" data-element_type=\"column\">\n\t\t\t<div class=\"elementor-widget-wrap\">\n\t\t\t\t\t\t\t<\/div>\n\t\t<\/div>\n\t\t\t\t\t<\/div>\n\t\t<\/section>\n\t\t\t\t<section class=\"elementor-section elementor-top-section elementor-element elementor-element-108b76a elementor-section-boxed elementor-section-height-default elementor-section-height-default\" data-id=\"108b76a\" data-element_type=\"section\">\n\t\t\t\t\t\t<div class=\"elementor-container elementor-column-gap-default\">\n\t\t\t\t\t<div class=\"elementor-column elementor-col-100 elementor-top-column elementor-element elementor-element-c7de9e0\" data-id=\"c7de9e0\" data-element_type=\"column\">\n\t\t\t<div class=\"elementor-widget-wrap elementor-element-populated\">\n\t\t\t\t\t\t<section class=\"elementor-section elementor-inner-section elementor-element elementor-element-a7d7cfc elementor-section-boxed elementor-section-height-default elementor-section-height-default\" data-id=\"a7d7cfc\" data-element_type=\"section\">\n\t\t\t\t\t\t<div class=\"elementor-container elementor-column-gap-default\">\n\t\t\t\t\t<div class=\"elementor-column elementor-col-100 elementor-inner-column elementor-element elementor-element-1dccb24\" data-id=\"1dccb24\" data-element_type=\"column\">\n\t\t\t<div class=\"elementor-widget-wrap elementor-element-populated\">\n\t\t\t\t\t\t<div class=\"elementor-element elementor-element-1f72675 elementor-widget elementor-widget-html\" data-id=\"1f72675\" data-element_type=\"widget\" data-widget_type=\"html.default\">\n\t\t\t\t<div class=\"elementor-widget-container\">\n\t\t\t\t\t<p  class=\"cvGsUA direction-ltr align-justify para-style-body\"><span class=\"OYPEnA font-feature-liga-off font-feature-clig-off font-feature-calt-off text-decoration-none text-strikethrough-none\">I strive to reflect and uphold my values through my brand.<\/span><\/p>\n<p  class=\"cvGsUA direction-ltr align-justify para-style-body\"><span class=\"OYPEnA font-feature-liga-off font-feature-clig-off font-feature-calt-off text-decoration-none text-strikethrough-none\">Sustainability, environmental awareness, and transparency are considered in every aspect of my work. Below are some of the steps I take to make my business more sustainable.<\/span><\/p>\n\n<ul>\n \t<li class=\"translation-block\"><strong>The metals used are 100% recycled, sourced from old jewellery<\/strong> and production scraps from the atelier. For this reason, the atelier accepts payment in old silver and gold.<\/li><br>\n<\/ul>\n<ul>\n \t<li class=\"translation-block\"><strong>The gemstones are purchased from small businesses<\/strong> or independent entrepreneurs with whom I seek personal contact: I investigate as much as possible <strong>to understand the suppliers, trace the origin of each stone I purchase<\/strong>, and ensure the environmental and social standards of the mines. As a result, the atelier focuses on a limited selection of stones (Brazilian tourmalines and opals, crystals from the French Alps, and sea glass). The atelier deliberately avoids working with diamonds, whether natural or synthetic.<\/li><br>\n<\/ul>\n<ul>\n \t<li class=\"translation-block\"><strong>No plastic is used in the packaging<\/strong>, and recycled materials are used whenever possible. Some packaging elements are handmade, and all items are of high quality, with the hope that they can be reused. The packaging is carefully considered, designed to be precious yet free from unnecessary items to avoid creating waste.<\/li><br>\n<\/ul>\n<ul>\n \t<li class=\"translation-block\">Finally, <strong>the atelier is an artisanal, independent, and local business<\/strong> that stands against the trends of excessive consumerism and fast fashion. Each piece of jewellery is slowly crafted by a single person, using quality materials, and <strong>are made to last.<\/strong><\/li><br>\n<\/ul>\n<div><\/div>\n<p class=\"cvGsUA direction-ltr align-justify para-style-body\"><span class=\"OYPEnA font-feature-liga-off font-feature-clig-off font-feature-calt-off text-decoration-none text-strikethrough-none\">Although I am proud of these efforts, they never feel enough. I am committed to continuously seeking ways to improve the sustainability of my work and to contribute positively to the jewellery industry in this regard. I am always open to hearing new ideas and feedback for improvement.<\/span><\/p>\t\t\t\t<\/div>\n\t\t\t\t<\/div>\n\t\t\t\t<div class=\"elementor-element elementor-element-fac0450 elementor-align-right elementor-widget elementor-widget-button\" data-id=\"fac0450\" data-element_type=\"widget\" data-widget_type=\"button.default\">\n\t\t\t\t<div class=\"elementor-widget-container\">\n\t\t\t\t\t\t\t\t\t<div class=\"elementor-button-wrapper\">\n\t\t\t\t\t<a class=\"elementor-button elementor-button-link elementor-size-sm\" href=\"https:\/\/api.whatsapp.com\/send?phone=14998279239\" target=\"_blank\">\n\t\t\t\t\t\t<span class=\"elementor-button-content-wrapper\">\n\t\t\t\t\t\t\t\t\t<span class=\"elementor-button-text\">Contact me<\/span>\n\t\t\t\t\t<\/span>\n\t\t\t\t\t<\/a>\n\t\t\t\t<\/div>\n\t\t\t\t\t\t\t\t<\/div>\n\t\t\t\t<\/div>\n\t\t\t\t\t<\/div>\n\t\t<\/div>\n\t\t\t\t\t<\/div>\n\t\t<\/section>\n\t\t\t\t\t<\/div>\n\t\t<\/div>\n\t\t\t\t\t<\/div>\n\t\t<\/section>\n\t\t\t\t<\/div>","protected":false},"excerpt":{"rendered":"<p>Sustentabilidade Eu me esfor\u00e7o ao m\u00e1ximo para demonstrar e afirmar meus valores atrav\u00e9s da minha marca. A sustentabilidade, a consci\u00eancia ambiental, e a transpar\u00eancia s\u00e3o consideradas em todos os aspectos do meu trabalho. Abaixo est\u00e3o algumas a\u00e7\u00f5es que tomo para tornar o meu neg\u00f3cio mais sustent\u00e1vel. Os metais usados s\u00e3o 100% reciclados a partir de [&hellip;]<\/p>","protected":false},"author":1,"featured_media":0,"parent":0,"menu_order":0,"comment_status":"closed","ping_status":"closed","template":"elementor_header_footer","meta":{"_monsterinsights_skip_tracking":false,"_monsterinsights_sitenote_active":false,"_monsterinsights_sitenote_note":"","_monsterinsights_sitenote_category":0,"footnotes":""},"class_list":["post-595","page","type-page","status-publish","hentry"],"_links":{"self":[{"href":"https:\/\/atelierleilarazel.com\/en\/wp-json\/wp\/v2\/pages\/595","targetHints":{"allow":["GET"]}}],"collection":[{"href":"https:\/\/atelierleilarazel.com\/en\/wp-json\/wp\/v2\/pages"}],"about":[{"href":"https:\/\/atelierleilarazel.com\/en\/wp-json\/wp\/v2\/types\/page"}],"author":[{"embeddable":true,"href":"https:\/\/atelierleilarazel.com\/en\/wp-json\/wp\/v2\/users\/1"}],"replies":[{"embeddable":true,"href":"https:\/\/atelierleilarazel.com\/en\/wp-json\/wp\/v2\/comments?post=595"}],"version-history":[{"count":34,"href":"https:\/\/atelierleilarazel.com\/en\/wp-json\/wp\/v2\/pages\/595\/revisions"}],"predecessor-version":[{"id":1108,"href":"https:\/\/atelierleilarazel.com\/en\/wp-json\/wp\/v2\/pages\/595\/revisions\/1108"}],"wp:attachment":[{"href":"https:\/\/atelierleilarazel.com\/en\/wp-json\/wp\/v2\/media?parent=595"}],"curies":[{"name":"wp","href":"https:\/\/api.w.org\/{rel}","templated":true}]}}