{"id":583,"date":"2025-02-19T17:55:40","date_gmt":"2025-02-19T17:55:40","guid":{"rendered":"https:\/\/atelierleilarazel.com\/?page_id=583"},"modified":"2025-03-20T15:12:29","modified_gmt":"2025-03-20T15:12:29","slug":"sobre-o-atelier","status":"publish","type":"page","link":"https:\/\/atelierleilarazel.com\/en\/sobre-o-atelier\/","title":{"rendered":"Sobre &#8211; O Atelier"},"content":{"rendered":"<div data-elementor-type=\"wp-page\" data-elementor-id=\"583\" class=\"elementor elementor-583\" data-elementor-post-type=\"page\">\n\t\t\t\t\t\t<section class=\"elementor-section elementor-top-section elementor-element elementor-element-fc2902d elementor-section-boxed elementor-section-height-default elementor-section-height-default\" data-id=\"fc2902d\" data-element_type=\"section\">\n\t\t\t\t\t\t<div class=\"elementor-container elementor-column-gap-default\">\n\t\t\t\t\t<div class=\"elementor-column elementor-col-100 elementor-top-column elementor-element elementor-element-1a45b15\" data-id=\"1a45b15\" data-element_type=\"column\">\n\t\t\t<div class=\"elementor-widget-wrap elementor-element-populated\">\n\t\t\t\t\t\t<div class=\"elementor-element elementor-element-e2aa396 elementor-widget elementor-widget-heading\" data-id=\"e2aa396\" data-element_type=\"widget\" data-widget_type=\"heading.default\">\n\t\t\t\t<div class=\"elementor-widget-container\">\n\t\t\t\t\t<h2 class=\"elementor-heading-title elementor-size-default\">The Atelier<\/h2>\t\t\t\t<\/div>\n\t\t\t\t<\/div>\n\t\t\t\t\t<\/div>\n\t\t<\/div>\n\t\t\t\t\t<\/div>\n\t\t<\/section>\n\t\t\t\t<section class=\"elementor-section elementor-top-section elementor-element elementor-element-108b76a elementor-section-boxed elementor-section-height-default elementor-section-height-default\" data-id=\"108b76a\" data-element_type=\"section\">\n\t\t\t\t\t\t<div class=\"elementor-container elementor-column-gap-default\">\n\t\t\t\t\t<div class=\"elementor-column elementor-col-100 elementor-top-column elementor-element elementor-element-c7de9e0\" data-id=\"c7de9e0\" data-element_type=\"column\">\n\t\t\t<div class=\"elementor-widget-wrap elementor-element-populated\">\n\t\t\t\t\t\t<section class=\"elementor-section elementor-inner-section elementor-element elementor-element-a7d7cfc elementor-section-boxed elementor-section-height-default elementor-section-height-default\" data-id=\"a7d7cfc\" data-element_type=\"section\">\n\t\t\t\t\t\t<div class=\"elementor-container elementor-column-gap-default\">\n\t\t\t\t\t<div class=\"elementor-column elementor-col-50 elementor-inner-column elementor-element elementor-element-5d07ce7\" data-id=\"5d07ce7\" data-element_type=\"column\">\n\t\t\t<div class=\"elementor-widget-wrap elementor-element-populated\">\n\t\t\t\t\t\t<div class=\"elementor-element elementor-element-3f959fe elementor-widget elementor-widget-image\" data-id=\"3f959fe\" data-element_type=\"widget\" data-widget_type=\"image.default\">\n\t\t\t\t<div class=\"elementor-widget-container\">\n\t\t\t\t\t\t\t\t\t\t\t\t\t\t\t<img fetchpriority=\"high\" decoding=\"async\" width=\"800\" height=\"911\" src=\"https:\/\/atelierleilarazel.com\/wp-content\/uploads\/2025\/02\/Pg-3-O-atelier--e1741877254556-899x1024.jpg\" class=\"attachment-large size-large wp-image-585\" alt=\"\" srcset=\"https:\/\/atelierleilarazel.com\/wp-content\/uploads\/2025\/02\/Pg-3-O-atelier--e1741877254556-899x1024.jpg 899w, https:\/\/atelierleilarazel.com\/wp-content\/uploads\/2025\/02\/Pg-3-O-atelier--e1741877254556-263x300.jpg 263w, https:\/\/atelierleilarazel.com\/wp-content\/uploads\/2025\/02\/Pg-3-O-atelier--e1741877254556-768x875.jpg 768w, https:\/\/atelierleilarazel.com\/wp-content\/uploads\/2025\/02\/Pg-3-O-atelier--e1741877254556-11x12.jpg 11w, https:\/\/atelierleilarazel.com\/wp-content\/uploads\/2025\/02\/Pg-3-O-atelier--e1741877254556-600x683.jpg 600w, https:\/\/atelierleilarazel.com\/wp-content\/uploads\/2025\/02\/Pg-3-O-atelier--e1741877254556.jpg 1150w\" sizes=\"(max-width: 800px) 100vw, 800px\" \/>\t\t\t\t\t\t\t\t\t\t\t\t\t\t\t<\/div>\n\t\t\t\t<\/div>\n\t\t\t\t\t<\/div>\n\t\t<\/div>\n\t\t\t\t<div class=\"elementor-column elementor-col-50 elementor-inner-column elementor-element elementor-element-1dccb24\" data-id=\"1dccb24\" data-element_type=\"column\">\n\t\t\t<div class=\"elementor-widget-wrap elementor-element-populated\">\n\t\t\t\t\t\t<div class=\"elementor-element elementor-element-4029833 elementor-widget elementor-widget-text-editor\" data-id=\"4029833\" data-element_type=\"widget\" data-widget_type=\"text-editor.default\">\n\t\t\t\t<div class=\"elementor-widget-container\">\n\t\t\t\t\t\t\t\t\t<p><span class=\"OYPEnA font-feature-liga-off font-feature-clig-off font-feature-calt-off text-decoration-none text-strikethrough-none\">How atelier works?<\/span><\/p>\t\t\t\t\t\t\t\t<\/div>\n\t\t\t\t<\/div>\n\t\t\t\t<div class=\"elementor-element elementor-element-b2bfd44 elementor-widget elementor-widget-text-editor\" data-id=\"b2bfd44\" data-element_type=\"widget\" data-widget_type=\"text-editor.default\">\n\t\t\t\t<div class=\"elementor-widget-container\">\n\t\t\t\t\t\t\t\t\t<p>The atelier works with a small-scale production, ensuring the quality of each piece of jewellery. Every stage is carried out by a single person, with care and dedication. For this reason, the atelier does not work with stock or fixed collections but rather with collection drops, one-of-a-kind pieces, wedding bands, and a limited number of slots for bespoke jewellery. Most pieces are made to order, with an average production time of one month. It is not possible to order via website. Orders should be placed directly with me, so we can discuss and find the perfect jewellery for you<\/p>\t\t\t\t\t\t\t\t<\/div>\n\t\t\t\t<\/div>\n\t\t\t\t<div class=\"elementor-element elementor-element-fac0450 elementor-align-right elementor-widget elementor-widget-button\" data-id=\"fac0450\" data-element_type=\"widget\" data-widget_type=\"button.default\">\n\t\t\t\t<div class=\"elementor-widget-container\">\n\t\t\t\t\t\t\t\t\t<div class=\"elementor-button-wrapper\">\n\t\t\t\t\t<a class=\"elementor-button elementor-button-link elementor-size-sm\" href=\"https:\/\/api.whatsapp.com\/send?phone=14998279239\" target=\"_blank\">\n\t\t\t\t\t\t<span class=\"elementor-button-content-wrapper\">\n\t\t\t\t\t\t\t\t\t<span class=\"elementor-button-text\">Contact me<\/span>\n\t\t\t\t\t<\/span>\n\t\t\t\t\t<\/a>\n\t\t\t\t<\/div>\n\t\t\t\t\t\t\t\t<\/div>\n\t\t\t\t<\/div>\n\t\t\t\t\t<\/div>\n\t\t<\/div>\n\t\t\t\t\t<\/div>\n\t\t<\/section>\n\t\t\t\t\t<\/div>\n\t\t<\/div>\n\t\t\t\t\t<\/div>\n\t\t<\/section>\n\t\t\t\t<\/div>","protected":false},"excerpt":{"rendered":"<p>O Atelier Como o atelier funciona? O atelier preza pela produ\u00e7\u00e3o em pequena escala, garantindo a qualidade de cada joia. Todas as etapas s\u00e3o produzidas por uma s\u00f3 pessoa, com calma e dedica\u00e7\u00e3o. Por isso, o atelier n\u00e3o trabalha com estoque ou cole\u00e7\u00f5es fixas, mas com lan\u00e7amentos, cole\u00e7\u00f5es c\u00e1psulas, alian\u00e7as, aneis de noivado e algumas [&hellip;]<\/p>","protected":false},"author":1,"featured_media":0,"parent":0,"menu_order":0,"comment_status":"closed","ping_status":"closed","template":"elementor_header_footer","meta":{"_monsterinsights_skip_tracking":false,"_monsterinsights_sitenote_active":false,"_monsterinsights_sitenote_note":"","_monsterinsights_sitenote_category":0,"footnotes":""},"class_list":["post-583","page","type-page","status-publish","hentry"],"_links":{"self":[{"href":"https:\/\/atelierleilarazel.com\/en\/wp-json\/wp\/v2\/pages\/583","targetHints":{"allow":["GET"]}}],"collection":[{"href":"https:\/\/atelierleilarazel.com\/en\/wp-json\/wp\/v2\/pages"}],"about":[{"href":"https:\/\/atelierleilarazel.com\/en\/wp-json\/wp\/v2\/types\/page"}],"author":[{"embeddable":true,"href":"https:\/\/atelierleilarazel.com\/en\/wp-json\/wp\/v2\/users\/1"}],"replies":[{"embeddable":true,"href":"https:\/\/atelierleilarazel.com\/en\/wp-json\/wp\/v2\/comments?post=583"}],"version-history":[{"count":13,"href":"https:\/\/atelierleilarazel.com\/en\/wp-json\/wp\/v2\/pages\/583\/revisions"}],"predecessor-version":[{"id":991,"href":"https:\/\/atelierleilarazel.com\/en\/wp-json\/wp\/v2\/pages\/583\/revisions\/991"}],"wp:attachment":[{"href":"https:\/\/atelierleilarazel.com\/en\/wp-json\/wp\/v2\/media?parent=583"}],"curies":[{"name":"wp","href":"https:\/\/api.w.org\/{rel}","templated":true}]}}