{"id":1248,"date":"2026-04-22T12:11:08","date_gmt":"2026-04-22T12:11:08","guid":{"rendered":"https:\/\/atelierleilarazel.com\/?page_id=1248"},"modified":"2026-04-24T15:16:46","modified_gmt":"2026-04-24T15:16:46","slug":"lancamento-colecao-lien","status":"publish","type":"page","link":"https:\/\/atelierleilarazel.com\/en\/lancamento-colecao-lien\/","title":{"rendered":"Lan\u00e7amento &#8211; Cole\u00e7\u00e3o LIEN"},"content":{"rendered":"<div data-elementor-type=\"wp-page\" data-elementor-id=\"1248\" class=\"elementor elementor-1248\" data-elementor-post-type=\"page\">\n\t\t\t\t\t\t<section class=\"elementor-section elementor-top-section elementor-element elementor-element-fc2902d elementor-section-boxed elementor-section-height-default elementor-section-height-default\" data-id=\"fc2902d\" data-element_type=\"section\">\n\t\t\t\t\t\t<div class=\"elementor-container elementor-column-gap-default\">\n\t\t\t\t\t<div class=\"elementor-column elementor-col-100 elementor-top-column elementor-element elementor-element-1a45b15\" data-id=\"1a45b15\" data-element_type=\"column\">\n\t\t\t<div class=\"elementor-widget-wrap elementor-element-populated\">\n\t\t\t\t\t\t<div class=\"elementor-element elementor-element-e2aa396 elementor-widget elementor-widget-heading\" data-id=\"e2aa396\" data-element_type=\"widget\" data-widget_type=\"heading.default\">\n\t\t\t\t<div class=\"elementor-widget-container\">\n\t\t\t\t\t<h2 class=\"elementor-heading-title elementor-size-default\">Lan\u00e7amento - Cole\u00e7\u00e3o LIEN<\/h2>\t\t\t\t<\/div>\n\t\t\t\t<\/div>\n\t\t\t\t\t<\/div>\n\t\t<\/div>\n\t\t\t\t\t<\/div>\n\t\t<\/section>\n\t\t\t\t<section class=\"elementor-section elementor-top-section elementor-element elementor-element-3069bb6 elementor-section-boxed elementor-section-height-default elementor-section-height-default\" data-id=\"3069bb6\" data-element_type=\"section\" data-settings=\"{&quot;background_background&quot;:&quot;slideshow&quot;,&quot;background_slideshow_gallery&quot;:[{&quot;id&quot;:1250,&quot;url&quot;:&quot;https:\\\/\\\/atelierleilarazel.com\\\/wp-content\\\/uploads\\\/2026\\\/04\\\/Opcao-capa1-scaled-e1776861417988.jpg&quot;}],&quot;background_slideshow_loop&quot;:&quot;yes&quot;,&quot;background_slideshow_slide_duration&quot;:5000,&quot;background_slideshow_slide_transition&quot;:&quot;fade&quot;,&quot;background_slideshow_transition_duration&quot;:500}\">\n\t\t\t\t\t\t<div class=\"elementor-container elementor-column-gap-default\">\n\t\t\t\t\t<div class=\"elementor-column elementor-col-100 elementor-top-column elementor-element elementor-element-ca57727\" data-id=\"ca57727\" data-element_type=\"column\">\n\t\t\t<div class=\"elementor-widget-wrap\">\n\t\t\t\t\t\t\t<\/div>\n\t\t<\/div>\n\t\t\t\t\t<\/div>\n\t\t<\/section>\n\t\t\t\t<section class=\"elementor-section elementor-top-section elementor-element elementor-element-108b76a elementor-section-boxed elementor-section-height-default elementor-section-height-default\" data-id=\"108b76a\" data-element_type=\"section\">\n\t\t\t\t\t\t<div class=\"elementor-container elementor-column-gap-default\">\n\t\t\t\t\t<div class=\"elementor-column elementor-col-100 elementor-top-column elementor-element elementor-element-c7de9e0\" data-id=\"c7de9e0\" data-element_type=\"column\">\n\t\t\t<div class=\"elementor-widget-wrap elementor-element-populated\">\n\t\t\t\t\t\t<section class=\"elementor-section elementor-inner-section elementor-element elementor-element-a7d7cfc elementor-section-boxed elementor-section-height-default elementor-section-height-default\" data-id=\"a7d7cfc\" data-element_type=\"section\">\n\t\t\t\t\t\t<div class=\"elementor-container elementor-column-gap-default\">\n\t\t\t\t\t<div class=\"elementor-column elementor-col-100 elementor-inner-column elementor-element elementor-element-1dccb24\" data-id=\"1dccb24\" data-element_type=\"column\">\n\t\t\t<div class=\"elementor-widget-wrap elementor-element-populated\">\n\t\t\t\t\t\t<div class=\"elementor-element elementor-element-b2bfd44 elementor-widget elementor-widget-text-editor\" data-id=\"b2bfd44\" data-element_type=\"widget\" data-widget_type=\"text-editor.default\">\n\t\t\t\t<div class=\"elementor-widget-container\">\n\t\t\t\t\t\t\t\t\t<p><span style=\"font-weight: 400;\">Algumas presen\u00e7as s\u00e3o passageiras. Outras permanecem. As carregamos conosco, nos gestos, nas mem\u00f3rias, naquilo que somos. Alguns v\u00ednculos se tornam parte de n\u00f3s de forma silenciosa, t\u00e3o profunda, que queremos mant\u00ea-los por perto.\u00a0<\/span><\/p><p><span style=\"font-weight: 400;\">LIEN nasce desse gesto. Pra gravar no metal aquilo que \u00e9 precioso.<\/span><\/p><p><span style=\"font-weight: 400;\">Datas que dividem o tempo em antes e depois. La\u00e7os que, uma vez criados, deixam marca. Nomes que nos constroem e nos fazem sentir pertencentes. Elementos que se encontram e revelam, pouco a pouco, os v\u00ednculos que nos sustentam.<\/span><\/p><p><span style=\"font-weight: 400;\">Essa cole\u00e7\u00e3o n\u00e3o \u00e9 apenas sobre dizer \u201ceu te amo\u201d. \u00c9 sobre carregar no peito quem faz parte da sua vida. E deixar que isso permane\u00e7a gravado.<\/span><\/p>\t\t\t\t\t\t\t\t<\/div>\n\t\t\t\t<\/div>\n\t\t\t\t<div class=\"elementor-element elementor-element-fac0450 elementor-align-center elementor-widget elementor-widget-button\" data-id=\"fac0450\" data-element_type=\"widget\" data-widget_type=\"button.default\">\n\t\t\t\t<div class=\"elementor-widget-container\">\n\t\t\t\t\t\t\t\t\t<div class=\"elementor-button-wrapper\">\n\t\t\t\t\t<a class=\"elementor-button elementor-button-link elementor-size-sm\" href=\"https:\/\/api.whatsapp.com\/send?phone=14998279239\" target=\"_blank\">\n\t\t\t\t\t\t<span class=\"elementor-button-content-wrapper\">\n\t\t\t\t\t\t\t\t\t<span class=\"elementor-button-text\">ORDER HERE<\/span>\n\t\t\t\t\t<\/span>\n\t\t\t\t\t<\/a>\n\t\t\t\t<\/div>\n\t\t\t\t\t\t\t\t<\/div>\n\t\t\t\t<\/div>\n\t\t\t\t\t<\/div>\n\t\t<\/div>\n\t\t\t\t\t<\/div>\n\t\t<\/section>\n\t\t\t\t<div class=\"elementor-element elementor-element-b1f8325 elementor-product-loop-item--align-center elementor-grid-tablet-3 elementor-grid-3 elementor-grid-mobile-2 elementor-products-grid elementor-wc-products elementor-widget elementor-widget-woocommerce-products\" data-id=\"b1f8325\" data-element_type=\"widget\" data-widget_type=\"woocommerce-products.default\">\n\t\t\t\t<div class=\"elementor-widget-container\">\n\t\t\t\t\t<div class=\"woocommerce columns-3\"><ul class=\"products elementor-grid columns-3\">\n<li class=\"product type-product post-1271 status-publish first outofstock product_cat-aneis-de-noivado-e-aliancas product_tag-lien has-post-thumbnail shipping-taxable product-type-simple\">\n\t<a href=\"https:\/\/atelierleilarazel.com\/en\/product\/pingente-trio\/\" class=\"woocommerce-LoopProduct-link woocommerce-loop-product__link\"><img fetchpriority=\"high\" decoding=\"async\" width=\"300\" height=\"300\" src=\"https:\/\/atelierleilarazel.com\/wp-content\/uploads\/2026\/04\/CAPA-2-300x300.jpg\" class=\"attachment-woocommerce_thumbnail size-woocommerce_thumbnail\" alt=\"Pingente Trio\" srcset=\"https:\/\/atelierleilarazel.com\/wp-content\/uploads\/2026\/04\/CAPA-2-300x300.jpg 300w, https:\/\/atelierleilarazel.com\/wp-content\/uploads\/2026\/04\/CAPA-2-150x150.jpg 150w, https:\/\/atelierleilarazel.com\/wp-content\/uploads\/2026\/04\/CAPA-2-100x100.jpg 100w\" sizes=\"(max-width: 300px) 100vw, 300px\" \/><h2 class=\"woocommerce-loop-product__title\">Pingente Trio<\/h2>\n<\/a><a href=\"https:\/\/atelierleilarazel.com\/en\/product\/pingente-trio\/\" aria-describedby=\"woocommerce_loop_add_to_cart_link_describedby_1271\" data-quantity=\"1\" class=\"button product_type_simple\" data-product_id=\"1271\" data-product_sku=\"\" aria-label=\"Read more about \u201cPingente Trio\u201d\" rel=\"nofollow\" data-success_message=\"\" data-no-translation=\"\" data-trp-gettext=\"\" data-no-translation-aria-label=\"\">Read more<\/a>\t<span id=\"woocommerce_loop_add_to_cart_link_describedby_1271\" class=\"screen-reader-text\">\n\t\t\t<\/span>\n<\/li>\n<li class=\"product type-product post-1266 status-publish outofstock product_cat-aneis-de-noivado-e-aliancas product_tag-lien has-post-thumbnail shipping-taxable product-type-simple\">\n\t<a href=\"https:\/\/atelierleilarazel.com\/en\/product\/pingente-aura\/\" class=\"woocommerce-LoopProduct-link woocommerce-loop-product__link\"><img decoding=\"async\" width=\"300\" height=\"300\" src=\"https:\/\/atelierleilarazel.com\/wp-content\/uploads\/2026\/04\/CAPA-1-300x300.jpg\" class=\"attachment-woocommerce_thumbnail size-woocommerce_thumbnail\" alt=\"Pingente Aura\" srcset=\"https:\/\/atelierleilarazel.com\/wp-content\/uploads\/2026\/04\/CAPA-1-300x300.jpg 300w, https:\/\/atelierleilarazel.com\/wp-content\/uploads\/2026\/04\/CAPA-1-150x150.jpg 150w, https:\/\/atelierleilarazel.com\/wp-content\/uploads\/2026\/04\/CAPA-1-100x100.jpg 100w\" sizes=\"(max-width: 300px) 100vw, 300px\" \/><h2 class=\"woocommerce-loop-product__title\">Pingente Aura<\/h2>\n<\/a><a href=\"https:\/\/atelierleilarazel.com\/en\/product\/pingente-aura\/\" aria-describedby=\"woocommerce_loop_add_to_cart_link_describedby_1266\" data-quantity=\"1\" class=\"button product_type_simple\" data-product_id=\"1266\" data-product_sku=\"\" aria-label=\"Read more about \u201cPingente Aura\u201d\" rel=\"nofollow\" data-success_message=\"\" data-no-translation=\"\" data-trp-gettext=\"\" data-no-translation-aria-label=\"\">Read more<\/a>\t<span id=\"woocommerce_loop_add_to_cart_link_describedby_1266\" class=\"screen-reader-text\">\n\t\t\t<\/span>\n<\/li>\n<li class=\"product type-product post-1256 status-publish last outofstock product_cat-aneis-de-noivado-e-aliancas product_tag-lien has-post-thumbnail shipping-taxable product-type-simple\">\n\t<a href=\"https:\/\/atelierleilarazel.com\/en\/product\/medalha-ame\/\" class=\"woocommerce-LoopProduct-link woocommerce-loop-product__link\"><img decoding=\"async\" width=\"300\" height=\"300\" src=\"https:\/\/atelierleilarazel.com\/wp-content\/uploads\/2026\/04\/CAPA-300x300.jpg\" class=\"attachment-woocommerce_thumbnail size-woocommerce_thumbnail\" alt=\"Medalha \u00c2me\" srcset=\"https:\/\/atelierleilarazel.com\/wp-content\/uploads\/2026\/04\/CAPA-300x300.jpg 300w, https:\/\/atelierleilarazel.com\/wp-content\/uploads\/2026\/04\/CAPA-150x150.jpg 150w, https:\/\/atelierleilarazel.com\/wp-content\/uploads\/2026\/04\/CAPA-100x100.jpg 100w\" sizes=\"(max-width: 300px) 100vw, 300px\" \/><h2 class=\"woocommerce-loop-product__title\">Medalha \u00c2me<\/h2>\n<\/a><a href=\"https:\/\/atelierleilarazel.com\/en\/product\/medalha-ame\/\" aria-describedby=\"woocommerce_loop_add_to_cart_link_describedby_1256\" data-quantity=\"1\" class=\"button product_type_simple\" data-product_id=\"1256\" data-product_sku=\"\" aria-label=\"Read more about \u201cMedalha \u00c2me\u201d\" rel=\"nofollow\" data-success_message=\"\" data-no-translation=\"\" data-trp-gettext=\"\" data-no-translation-aria-label=\"\">Read more<\/a>\t<span id=\"woocommerce_loop_add_to_cart_link_describedby_1256\" class=\"screen-reader-text\">\n\t\t\t<\/span>\n<\/li>\n<\/ul>\n<\/div>\t\t\t\t<\/div>\n\t\t\t\t<\/div>\n\t\t\t\t\t<\/div>\n\t\t<\/div>\n\t\t\t\t\t<\/div>\n\t\t<\/section>\n\t\t\t\t<\/div>","protected":false},"excerpt":{"rendered":"<p>Lan\u00e7amento &#8211; Cole\u00e7\u00e3o LIEN Algumas presen\u00e7as s\u00e3o passageiras. Outras permanecem. As carregamos conosco, nos gestos, nas mem\u00f3rias, naquilo que somos. Alguns v\u00ednculos se tornam parte de n\u00f3s de forma silenciosa, t\u00e3o profunda, que queremos mant\u00ea-los por perto.\u00a0 LIEN nasce desse gesto. Pra gravar no metal aquilo que \u00e9 precioso. Datas que dividem o tempo em [&hellip;]<\/p>","protected":false},"author":1,"featured_media":0,"parent":0,"menu_order":0,"comment_status":"closed","ping_status":"closed","template":"elementor_header_footer","meta":{"_monsterinsights_skip_tracking":false,"_monsterinsights_sitenote_active":false,"_monsterinsights_sitenote_note":"","_monsterinsights_sitenote_category":0,"footnotes":""},"class_list":["post-1248","page","type-page","status-publish","hentry"],"_links":{"self":[{"href":"https:\/\/atelierleilarazel.com\/en\/wp-json\/wp\/v2\/pages\/1248","targetHints":{"allow":["GET"]}}],"collection":[{"href":"https:\/\/atelierleilarazel.com\/en\/wp-json\/wp\/v2\/pages"}],"about":[{"href":"https:\/\/atelierleilarazel.com\/en\/wp-json\/wp\/v2\/types\/page"}],"author":[{"embeddable":true,"href":"https:\/\/atelierleilarazel.com\/en\/wp-json\/wp\/v2\/users\/1"}],"replies":[{"embeddable":true,"href":"https:\/\/atelierleilarazel.com\/en\/wp-json\/wp\/v2\/comments?post=1248"}],"version-history":[{"count":16,"href":"https:\/\/atelierleilarazel.com\/en\/wp-json\/wp\/v2\/pages\/1248\/revisions"}],"predecessor-version":[{"id":1286,"href":"https:\/\/atelierleilarazel.com\/en\/wp-json\/wp\/v2\/pages\/1248\/revisions\/1286"}],"wp:attachment":[{"href":"https:\/\/atelierleilarazel.com\/en\/wp-json\/wp\/v2\/media?parent=1248"}],"curies":[{"name":"wp","href":"https:\/\/api.w.org\/{rel}","templated":true}]}}